{"id":89,"date":"2022-11-12T21:37:02","date_gmt":"2022-11-12T20:37:02","guid":{"rendered":"https:\/\/www.planetpoodle.de\/shop\/?post_type=product&#038;p=89"},"modified":"2026-04-16T15:04:44","modified_gmt":"2026-04-16T13:04:44","slug":"shampoo-bain-pro","status":"publish","type":"product","link":"https:\/\/www.planetpoodle.de\/shop\/product\/shampoo-bain-pro\/","title":{"rendered":"SHAMPOO BAIN PRO"},"content":{"rendered":"<div class=\"std\">\n<p>BAIN PRO ist ein hygienisches Grundshampoo mit bioaktiven Meeressubtanzen f\u00fcr alle Fellarten.\u00a0BAIN PRO ist ein professionelles Shampoo in einer einer sehr hohen Konzentration, welches Ideal f\u00fcr die schonende Reinigung von allen Hundefellarten geeignet ist.<\/p>\n<p>Seine multivalente Zusammensetzung reinigt und hat eine tiefgreifende hygienische Wirkung auf sehr schmutzige Haarkleider und sorgt f\u00fcr eine optimale Sch\u00f6nheit und Konditionierung der Textur langer Haare. BAIN PRO bietet die perfekte Balance f\u00fcr jeden Felltyp, erh\u00f6ht deren Schutzeigenschaften und den Gehalt an nat\u00fcrlichen \u00d6len und verst\u00e4rkt dabei den Schutz der Keratinstruktur.<\/p>\n<p>Die BAIN PRO Formel ist angereichert mit einem Gemisch von Tensiden nat\u00fcrlichen Ursprungs und feuchtigkeitsspendenden Substanzen, die den Glanz und die Elastizit\u00e4t der Hundehaare wieder herstellen, beginnend mit der ersten Anwendung.\u00a0Der regelm\u00e4\u00dfige Gebrauch dieses Produktes sorgt f\u00fcr eine leichtere Reinigung und leichteres K\u00e4mmen des Hundes und bringt den nat\u00fcrlichen Glanz des Fells zur\u00fcck.\u00a0Dieses Shampoo ist besonders f\u00fcr alle Hunderassen zu empfehlen, die h\u00e4ufiges Waschen und eine spezielle Konditionierung ihres Haarkleides ben\u00f6tigen.<\/p>\n<p>Inhaltsstoffe:<br \/>\nBAIN PRO besteht aus bioaktiven Meeressubstanzen und weiteren integrierten Wirkstoffen (Seide-Aminos\u00e4uren, welche Schutz und Volumen des Haarkleides garantieren. Bierhefe f\u00fcr die Pflege und schnelle St\u00e4rkung des Haarkleides, was ein nat\u00fcrlicher Feuchthaltefaktor ist, um die Haare und die Haut mit Feuchtigkeit zu versorgen.).<br \/>\nDieses Shampoo ist ein professionelles Kosmetikprodukt, das speziell entwickelt wurde, um die zahlreichen Effekte mit einem einzigen Shampoo zu erreichen.<\/p>\n<p>Gebrauchsanweisung:<br \/>\nBAIN PRO ist ein hochkonzentriertes Produkt. Es wird in 20 Teilen Wasser verd\u00fcnnt.<br \/>\nVerwenden Sie diese L\u00f6sung auf dem Haarkleid, sanft massierend, bis eine weiche, seidige Creme entsteht. Dann sp\u00fclen sie das Shampoo aus und wiederholen den Vorgang noch einmal. Lassen Sie das Produkt auf dem Haar f\u00fcr ein paar Minuten einwirken, dann gr\u00fcndlich aussp\u00fclen.<br \/>\nDas BAIN PRO Shampoo kann mit HYDRATING CREAM Conditioner im Verh\u00e4ltnis:<br \/>\n1 EL HYDRATING CREAM auf 100 ml BAIN PRO gemischt werden.<\/p>\n<p>Enth\u00e4lt:<br \/>\nAnionische Tenside, amphoterische Tenside, ionische Tenside, Kokosst\u00e4rke, Seidenproteine, Teebaum\u00f6l, isl\u00e4ndisches Moos-Extrakt (setraria islandica).<\/p>\n<p>Erh\u00e4ltlich in:<\/p>\n<p>&#8211; 250ml Flasche<br \/>\n&#8211; 1 Liter Flasche<br \/>\n&#8211; 5 Liter Kanister <a href=\"http:\/\/planetpoodle.de\/pudelshop\/index.php\/special-one\/accessoires\/kanisterpumpe.html\"> (* Die Pumpen f\u00fcr die Kanister sind nicht enthalten! Bitte bestellen sie diese zus\u00e4tzlich!)<\/a><\/p>\n<p>*Allantoin wird in der Kosmetik in Hautcremes, Duschgels, Sonnenschutzmitteln, Rasierw\u00e4ssern, in Zahncreme und in Mitteln gegen \u00fcberm\u00e4\u00dfige Schwei\u00dfabsonderung (Hyperhidrose) und Hautirritationen eingesetzt. Es bewirkt die Beschleunigung des Zellaufbaus, der Zellbildung oder der Zellregeneration und beruhigt die Haut. Auch die Heilung schwer heilender Wunden wird unterst\u00fctzt, jedoch besitzt Allantoin keine antiseptischen Eigenschaften.<\/p>\n<p>** Neem\u00f6l, auch Niem\u00f6l genannt, ist ein besonders hochwertiges \u00d6l. Gewonnen wird es mittels schonender Kaltpressung aus den Samen des Neembaumes. Seine Verwendung ist vielf\u00e4ltig.<\/p>\n<p>In der Kosmetik wird es eingesetzt, um die Haut und auch die Haare zu kr\u00e4ftigen, ihr Gleichgewicht wieder herzustellen und die nat\u00fcrliche Schutzschicht zu reaktivieren. Dar\u00fcber hinaus wirkt Neem\u00f6l heilsam auf Ekzeme und gegen trockene Haut. Auch gegen L\u00e4use werden Neem\u00f6l-Produkte \u00e4u\u00dferst effektiv eingesetzt.<br \/>\nAuch f\u00fcr jeden anderen Hauttyp ist das \u00d6l geeignet, da es auch der Haut hilft, sich selbst wieder in Balance zu bringen. Ohne medizinische Indikation kann Neem\u00f6l einfach verwendet werden, um Haut und Haare zu st\u00e4rken.<br \/>\nBehandlung von Tieren:<br \/>\nDa Neem\u00f6l nicht nur beim Menschen, sondern auch bei Tieren wirkt, wird es auch gern bei Pferden gegen die so genannten Sommerekzeme oder bei Hunden in Shampoos eingesetzt. Neem\u00f6l wirkt auch und vor allem gegen Parasiten, darum k\u00f6nnen beispielsweise L\u00e4use, Fl\u00f6he, M\u00fccken und andere unangenehme Krabbler, wie etwa Milben in den Hundeohren, damit behandelt werden.<\/p>\n<\/div>\n","protected":false},"excerpt":{"rendered":"<p>BAIN PRO ist ein hygienisches Grundshampoo mit bioaktiven Meeressubtanzen f\u00fcr alle Fellarten.\u00a0BAIN PRO ist ein professionelles Shampoo in einer einer sehr hohen Konzentration, welches Ideal f\u00fcr die schonende Reinigung von allen Hundefellarten geeignet ist. Seine multivalente Zusammensetzung reinigt und hat [&hellip;]<\/p>\n","protected":false},"featured_media":3540,"template":"","meta":[],"product_brand":[],"product_cat":[82,278,287],"product_tag":[],"class_list":{"0":"post-89","1":"product","2":"type-product","3":"status-publish","4":"has-post-thumbnail","6":"product_cat-special-one","7":"product_cat-shampoo","8":"product_cat-shampoo-bestseller","10":"first","11":"instock","12":"taxable","13":"shipping-taxable","14":"purchasable","15":"product-type-variable"},"_links":{"self":[{"href":"https:\/\/www.planetpoodle.de\/shop\/wp-json\/wp\/v2\/product\/89","targetHints":{"allow":["GET"]}}],"collection":[{"href":"https:\/\/www.planetpoodle.de\/shop\/wp-json\/wp\/v2\/product"}],"about":[{"href":"https:\/\/www.planetpoodle.de\/shop\/wp-json\/wp\/v2\/types\/product"}],"wp:featuredmedia":[{"embeddable":true,"href":"https:\/\/www.planetpoodle.de\/shop\/wp-json\/wp\/v2\/media\/3540"}],"wp:attachment":[{"href":"https:\/\/www.planetpoodle.de\/shop\/wp-json\/wp\/v2\/media?parent=89"}],"wp:term":[{"taxonomy":"product_brand","embeddable":true,"href":"https:\/\/www.planetpoodle.de\/shop\/wp-json\/wp\/v2\/product_brand?post=89"},{"taxonomy":"product_cat","embeddable":true,"href":"https:\/\/www.planetpoodle.de\/shop\/wp-json\/wp\/v2\/product_cat?post=89"},{"taxonomy":"product_tag","embeddable":true,"href":"https:\/\/www.planetpoodle.de\/shop\/wp-json\/wp\/v2\/product_tag?post=89"}],"curies":[{"name":"wp","href":"https:\/\/api.w.org\/{rel}","templated":true}]}}