{"id":86,"date":"2022-11-12T21:31:55","date_gmt":"2022-11-12T20:31:55","guid":{"rendered":"https:\/\/www.planetpoodle.de\/shop\/?post_type=product&#038;p=86"},"modified":"2025-08-09T21:28:05","modified_gmt":"2025-08-09T19:28:05","slug":"multi-fix","status":"publish","type":"product","link":"https:\/\/www.planetpoodle.de\/shop\/product\/multi-fix\/","title":{"rendered":"MULTI FIX"},"content":{"rendered":"<p>MULTI FIX, das revolution\u00e4re, multifunktionale Modelliergel der letzten Generation, ohne aussp\u00fclen.<\/p>\n<p>MULTI FIX erm\u00f6glicht ein absolut glattes Fell Effekt oder einen nat\u00fcrlich gewelltes Fell Effekt, ohne fettig zu sein und ohne Beschwerung. Au\u00dferdem stellt MULTI FIX eine nat\u00fcrliche Barriere her, welche die Haare vor sch\u00e4dlichen Umwelteinfl\u00fcssen sch\u00fctzt.<br \/>\nEs bietet W\u00e4rmeschutz, wenn die Haare gef\u00f6hnt oder mit dem Gl\u00e4tteisen bearbeitet werden. MULTI FIX bringt Glanz und Elastizit\u00e4t in das Haar und sorgt f\u00fcr ein langes anhaltenden des gew\u00fcnschten Styling-Effektes ( Memory-Effekt).<\/p>\n<p>Art der Anwendung:<br \/>\nAuf das gewaschene und handtuchtrockene Haar auftragen, nicht absp\u00fclen. F\u00fcr ein glattes Ergebnis mit dem F\u00f6hn trocknen und mit dem Gl\u00e4tteisen nacharbeiten.<br \/>\nUm ein sch\u00f6n lockiges Fell zu erhalten, mit einem F\u00f6hn-Diffusor f\u00f6hnen oder mit einem F\u00f6hn ohne Slicker. Wiederholen sie das Styling mit dem Gl\u00e4tteisen (ohne dabei zus\u00e4tzliche Produkte anzuwenden) oder erneuern sie die Locken mit nassen H\u00e4nden am Tag der Ausstellung.<\/p>\n<p>Sehr gut geeignet f\u00fcr das Styling von Kopfharren, das Styling des Bartes bei Kerry Blue Terriern, schwarzen Terriern, Lagotto Romagnolo, English Cocker Spaniel, American Cocker Spaniel, Westie, Russischer Terrier und anderen vor dem Ring. Sehr gut f\u00fcr alle langhaarigen Hunde mit glattem oder lockigem Styling geeignet. Sehr gut f\u00fcr den Ohrbehang beim Pudel geeignet.<\/p>\n","protected":false},"excerpt":{"rendered":"<p>MULTI FIX, das revolution\u00e4re, multifunktionale Modelliergel der letzten Generation, ohne aussp\u00fclen. MULTI FIX erm\u00f6glicht ein absolut glattes Fell Effekt oder einen nat\u00fcrlich gewelltes Fell Effekt, ohne fettig zu sein und ohne Beschwerung. Au\u00dferdem stellt MULTI FIX eine nat\u00fcrliche Barriere her, [&hellip;]<\/p>\n","protected":false},"featured_media":3590,"template":"","meta":[],"product_brand":[],"product_cat":[82,281,292],"product_tag":[],"class_list":{"0":"post-86","1":"product","2":"type-product","3":"status-publish","4":"has-post-thumbnail","6":"product_cat-special-one","7":"product_cat-styling-care-specials","8":"product_cat-specials","10":"first","11":"outofstock","12":"taxable","13":"shipping-taxable","14":"purchasable","15":"product-type-variable"},"_links":{"self":[{"href":"https:\/\/www.planetpoodle.de\/shop\/wp-json\/wp\/v2\/product\/86","targetHints":{"allow":["GET"]}}],"collection":[{"href":"https:\/\/www.planetpoodle.de\/shop\/wp-json\/wp\/v2\/product"}],"about":[{"href":"https:\/\/www.planetpoodle.de\/shop\/wp-json\/wp\/v2\/types\/product"}],"wp:featuredmedia":[{"embeddable":true,"href":"https:\/\/www.planetpoodle.de\/shop\/wp-json\/wp\/v2\/media\/3590"}],"wp:attachment":[{"href":"https:\/\/www.planetpoodle.de\/shop\/wp-json\/wp\/v2\/media?parent=86"}],"wp:term":[{"taxonomy":"product_brand","embeddable":true,"href":"https:\/\/www.planetpoodle.de\/shop\/wp-json\/wp\/v2\/product_brand?post=86"},{"taxonomy":"product_cat","embeddable":true,"href":"https:\/\/www.planetpoodle.de\/shop\/wp-json\/wp\/v2\/product_cat?post=86"},{"taxonomy":"product_tag","embeddable":true,"href":"https:\/\/www.planetpoodle.de\/shop\/wp-json\/wp\/v2\/product_tag?post=86"}],"curies":[{"name":"wp","href":"https:\/\/api.w.org\/{rel}","templated":true}]}}