{"id":83,"date":"2022-11-12T21:28:02","date_gmt":"2022-11-12T20:28:02","guid":{"rendered":"https:\/\/www.planetpoodle.de\/shop\/?post_type=product&#038;p=83"},"modified":"2025-01-05T21:59:57","modified_gmt":"2025-01-05T20:59:57","slug":"model-cream","status":"publish","type":"product","link":"https:\/\/www.planetpoodle.de\/shop\/product\/model-cream\/","title":{"rendered":"MODEL CREAM"},"content":{"rendered":"<p>Diese Creme mit Keratin ist ideal zum Anheben der Haartextur oder zum Beschweren des Haarkleides geeignet, je nach dem, welches Ergebnis erw\u00fcnscht, ist. Sie unterst\u00fctzt die Sch\u00f6nheit des Haares vieler Hunderassen, bietet Schutz und bereitet die Haare f\u00fcr eine sp\u00e4tere Anwendung der aufhellenden oder farbigen Puder vor. MODEL CREAM ist reich an Keratin, es pflegt und macht die Struktur der Wolle geschmeidig. MODEL CREAM sorgt f\u00fcr eine schnelle Konditionierung des Haares, es enth\u00e4lt feuchtigkeitsspendende und pflegende Substanzen, welche den Haaren Glanz und Vitalit\u00e4t verleihen. Leicht maskiert es Flecken auf dem Fell, so dass es nicht fettig wird, sch\u00fctzt vor Sonneneinstrahlung und enth\u00e4lt keine, f\u00fcr die Haut des Hundes, sch\u00e4dliche Chemikalien.<\/p>\n<p>Art der Anwendung:<br \/>\nMODEL CREME wird vor der Verwendung von Showpuder, zur Modellierung und Strukturierung auf das saubere, trockene Fell aufgetragen. Verteilen sie eine kleine Menge der Creme auf der Handfl\u00e4che, und bearbeiten sie damit die vorgesehenen Bereiche mit leicht massierenden Bewegungen. Danach sofort das Puder auftragen. Bei langhaarigen Hunden kann es in verd\u00fcnnter Form alleine oder zusammen mit dem Konditioner BEAUTY RINSE verwendet werden.<\/p>\n","protected":false},"excerpt":{"rendered":"<p>Diese Creme mit Keratin ist ideal zum Anheben der Haartextur oder zum Beschweren des Haarkleides geeignet, je nach dem, welches Ergebnis erw\u00fcnscht, ist. Sie unterst\u00fctzt die Sch\u00f6nheit des Haares vieler Hunderassen, bietet Schutz und bereitet die Haare f\u00fcr eine sp\u00e4tere [&hellip;]<\/p>\n","protected":false},"featured_media":3619,"template":"","meta":[],"product_brand":[],"product_cat":[82,281,290],"product_tag":[],"class_list":{"0":"post-83","1":"product","2":"type-product","3":"status-publish","4":"has-post-thumbnail","6":"product_cat-special-one","7":"product_cat-styling-care-specials","8":"product_cat-styling","10":"first","11":"outofstock","12":"taxable","13":"shipping-taxable","14":"purchasable","15":"product-type-variable"},"_links":{"self":[{"href":"https:\/\/www.planetpoodle.de\/shop\/wp-json\/wp\/v2\/product\/83","targetHints":{"allow":["GET"]}}],"collection":[{"href":"https:\/\/www.planetpoodle.de\/shop\/wp-json\/wp\/v2\/product"}],"about":[{"href":"https:\/\/www.planetpoodle.de\/shop\/wp-json\/wp\/v2\/types\/product"}],"wp:featuredmedia":[{"embeddable":true,"href":"https:\/\/www.planetpoodle.de\/shop\/wp-json\/wp\/v2\/media\/3619"}],"wp:attachment":[{"href":"https:\/\/www.planetpoodle.de\/shop\/wp-json\/wp\/v2\/media?parent=83"}],"wp:term":[{"taxonomy":"product_brand","embeddable":true,"href":"https:\/\/www.planetpoodle.de\/shop\/wp-json\/wp\/v2\/product_brand?post=83"},{"taxonomy":"product_cat","embeddable":true,"href":"https:\/\/www.planetpoodle.de\/shop\/wp-json\/wp\/v2\/product_cat?post=83"},{"taxonomy":"product_tag","embeddable":true,"href":"https:\/\/www.planetpoodle.de\/shop\/wp-json\/wp\/v2\/product_tag?post=83"}],"curies":[{"name":"wp","href":"https:\/\/api.w.org\/{rel}","templated":true}]}}