{"id":71,"date":"2022-11-12T21:11:48","date_gmt":"2022-11-12T20:11:48","guid":{"rendered":"https:\/\/www.planetpoodle.de\/shop\/?post_type=product&#038;p=71"},"modified":"2026-04-27T15:00:12","modified_gmt":"2026-04-27T13:00:12","slug":"hydrating-cream","status":"publish","type":"product","link":"https:\/\/www.planetpoodle.de\/shop\/product\/hydrating-cream\/","title":{"rendered":"HYDRATING CREAM"},"content":{"rendered":"<div class=\"std\">\n<p>HYDRATING CREAM &#8211; Feuchtigkeitscreme (Conditioner) &#8211; sofortige Wirkung f\u00fcr alle Fellarten. Enth\u00e4lt aktive Meeressubstanzen.<\/p>\n<p>Der Conditioner HYDRATING CREAM, ist ein Produkt, welches sofortige Wiederherstellungseigenschaften besitzt. Seine Wirkung erh\u00f6ht die \u00e4sthetische Sch\u00f6nheit der Textur der Wolle.<br \/>\nEs ist ideal f\u00fcr die Pflege, die Haarwiederherstellung (Reparatur gesch\u00e4digter Haarstrukturen), sowie f\u00fcr die Erhaltung eines guten Haarzustandes. Es garantiert sehr gute Ergebnisse bei sehr d\u00fcnner, gesch\u00e4digter und strapazierter Wolle, die Stress ausgesetzt war (z.B. Umwelteinflusse, aggressive Pflegemittel, Krankheit) und dar\u00fcber hinaus gibt es dem Haar seinen nat\u00fcrlichen Glanz, Vitalit\u00e4t und Farbe zur\u00fcck.<\/p>\n<p>Die regelm\u00e4\u00dfige Anwendung dieses Produkts verhindert die Bildung von Filzen und repariert die Sch\u00e4den, die das Haarkleid aufgrund von Umwelteinfl\u00fcssen und Chemikalien genommen hat.<\/p>\n<p>Nach jedem Gebrauch erscheint das Haarkleid volumin\u00f6ser zu sein, seidig, leicht k\u00e4mmbar und gehorsam f\u00fcr die weitere Pflege (Grooming).<\/p>\n<p>HYDRATING CREAM erleichtert die Pflege des Fells in der Vorbereitung von Ausstellungen, wenn eine regelm\u00e4\u00dfige Pflege und perfekte Konditionierung ben\u00f6tigt wird.<\/p>\n<p>Es macht die Textur des Haares geschmeidig und elastisch, selbst Wolle, die sonst sehr schwierig zu modellieren ist .<\/p>\n<p>Der Conditioner HYDRATING CREAM erleichtert die K\u00e4mmbarkeit, sch\u00fctzt das Haar vor der Sonne und reduziert Spliss. Das Haarkleid wirkt perfekt gepflegt vom Ansatz bis zu den Spitzen.<\/p>\n<p>Empfohlen f\u00fcr alle Hunderassen.<\/p>\n<p>Inhaltstoffe:<br \/>\nDie Rezeptur der Feuchtigkeitscreme HYDRATING CREAM ist angereichert mit Extrakten aus Meeresalgen, reich an Eiwei\u00df und Spurenelementen, Argan-\u00d6l f\u00fcr Pflege und mehr Vitalit\u00e4t &#8211; pflanzliche Proteine f\u00fcr eine perfekte Feuchtigkeitszufuhr f\u00fcr die Haare und die Epidermis, &#8211; Macadamia-\u00d6l, -Ginsengextrakte zur besseren Strukturierung der Wolle und f\u00fcr mehr Haardichte.<\/p>\n<p>Anwendungsvorschl\u00e4ge:<\/p>\n<p>HYDRATING CREAM kann direkt im Reinigungsshampoo wie folgt verwendet werden:<br \/>\n1. Mischen Sie 1 EL Creme mit 50 ml Shampoo und einem Liter hei\u00dfem Wasser.<br \/>\n2. Weiter, normal wie immer waschen.<br \/>\n3. Um die beste Wirkung, ein vorz\u00fcgliches Haarkleid wiederzuherstellen, zu erreichen, empfehlen wir die folgende Behandlung:<br \/>\nAuf das saubere, feuchte Haar folgende Mischung auftragen: 1 EL HYDRATING CREAM und 10 Tropfen 4 Elements \u00d6l, verd\u00fcnnt in 1,5 Liter hei\u00dfem Wasser gut auf dem gesamten Haar verteilen und f\u00fcr einige Minuten einwirken lassen, dabei leicht k\u00e4mmen.<br \/>\nIn Falle von stark gesch\u00e4digten Haaren unter einer W\u00e4rmequelle f\u00fcr einige Minuten liegen lassen (in Folie und Handtuch eingewickelt). Danach gut absp\u00fclen und trocknen.<\/p>\n<p>3. F\u00fcr normale regelm\u00e4\u00dfige Anwendung: 1 EL HYDRATING CREAM mit 1 TL Hygro Fluid mischen und in 1-1,5 Liter Wasser gut mischen. Die Mischung auf dem Haar verteilen und kurz einwirken lassen. Danach gut aussp\u00fclen, wobei f\u00fcr die \u201eHauspflege\u201c diese Mischung komplett, oder zu 50% in den Haaren belassen werden kann (vorher sollte das Shampoo nat\u00fcrlich sehr gut ausgewaschen werden).<\/p>\n<p>Bestehend aus:<br \/>\nEmulgatoren, Fettalkoholen, pflanzlichen Proteinen, Argan\u00f6l, Macadamia-\u00d6l*, Ginsengextrakten, Algenextrakten, Vitamin E.<\/p>\n<p>*Macadamian\u00fcsse gelten als die feinsten und wohlschmeckendsten N\u00fcsse. Aufgrund ihres schwierigen Anbaus, der komplizierten Weiterverarbeitung und insbesondere der gestiegenen Nachfrage geh\u00f6ren Macadamian\u00fcsse mittlerweile zu den teuersten N\u00fcssen der Welt und werden daher auch als \u00bbK\u00f6nigin der N\u00fcsse\u00ab bezeichnet.<\/p>\n<p>Eigenschaften und Inhaltsstoffe:<br \/>\nSchwach hellgelbes bis farbloses \u00d6l mit hohem Anteil an Palmitoleins\u00e4ure, die in Triglyceridform vorliegt. Es dringt leicht in die Haut ein, verleiht ihr einen seidig gl\u00e4nzenden Charakter und bewirkt eine starke Hautgl\u00e4ttung. Macadamia-Nuss\u00f6l ist aufgrund der hohen Konzentration an mehrfach unges\u00e4ttigten Fetts\u00e4uren (~ 80%) auch eines der hochwertigsten Speise\u00f6le und entfaltet, als Di\u00e4tetikum verwendet, cholesterolsenkende und antioxidative Wirksamkeit.<\/p>\n<p>Anwendung:<br \/>\nWegen des hohen Anteils an entz\u00fcndungshemmenden Wirkstoffen ist Macadamia-Nuss\u00f6l besonders bei empfindlicher, irritierter oder entz\u00fcndeter Haut zu empfehlen.<br \/>\nMacadamia-Nuss\u00f6l wirkt daneben noch lichtsch\u00fctzend und dient zur Pflege trockener, rissiger und spr\u00f6der Haut. Es kann sowohl pur, als auch in Seifen, Sonnenschutzmitteln, Lotionen, Shampoos, Cremes usw. verwendet werden.<\/p>\n<\/div>\n","protected":false},"excerpt":{"rendered":"<p>HYDRATING CREAM &#8211; Feuchtigkeitscreme (Conditioner) &#8211; sofortige Wirkung f\u00fcr alle Fellarten. Enth\u00e4lt aktive Meeressubstanzen. Der Conditioner HYDRATING CREAM, ist ein Produkt, welches sofortige Wiederherstellungseigenschaften besitzt. Seine Wirkung erh\u00f6ht die \u00e4sthetische Sch\u00f6nheit der Textur der Wolle. Es ist ideal f\u00fcr die [&hellip;]<\/p>\n","protected":false},"featured_media":3569,"template":"","meta":[],"product_brand":[],"product_cat":[82,279],"product_tag":[],"class_list":{"0":"post-71","1":"product","2":"type-product","3":"status-publish","4":"has-post-thumbnail","6":"product_cat-special-one","7":"product_cat-conditioner","9":"first","10":"instock","11":"taxable","12":"shipping-taxable","13":"purchasable","14":"product-type-variable"},"_links":{"self":[{"href":"https:\/\/www.planetpoodle.de\/shop\/wp-json\/wp\/v2\/product\/71","targetHints":{"allow":["GET"]}}],"collection":[{"href":"https:\/\/www.planetpoodle.de\/shop\/wp-json\/wp\/v2\/product"}],"about":[{"href":"https:\/\/www.planetpoodle.de\/shop\/wp-json\/wp\/v2\/types\/product"}],"wp:featuredmedia":[{"embeddable":true,"href":"https:\/\/www.planetpoodle.de\/shop\/wp-json\/wp\/v2\/media\/3569"}],"wp:attachment":[{"href":"https:\/\/www.planetpoodle.de\/shop\/wp-json\/wp\/v2\/media?parent=71"}],"wp:term":[{"taxonomy":"product_brand","embeddable":true,"href":"https:\/\/www.planetpoodle.de\/shop\/wp-json\/wp\/v2\/product_brand?post=71"},{"taxonomy":"product_cat","embeddable":true,"href":"https:\/\/www.planetpoodle.de\/shop\/wp-json\/wp\/v2\/product_cat?post=71"},{"taxonomy":"product_tag","embeddable":true,"href":"https:\/\/www.planetpoodle.de\/shop\/wp-json\/wp\/v2\/product_tag?post=71"}],"curies":[{"name":"wp","href":"https:\/\/api.w.org\/{rel}","templated":true}]}}