{"id":61,"date":"2022-11-12T19:59:04","date_gmt":"2022-11-12T18:59:04","guid":{"rendered":"https:\/\/www.planetpoodle.de\/shop\/?post_type=product&#038;p=61"},"modified":"2025-10-07T08:25:21","modified_gmt":"2025-10-07T06:25:21","slug":"final-fix-strong-gas-hairspray","status":"publish","type":"product","link":"https:\/\/www.planetpoodle.de\/shop\/product\/final-fix-strong-gas-hairspray\/","title":{"rendered":"FINAL FIX STRONG GAS HAIRSPRAY"},"content":{"rendered":"<div class=\"std\">\n<p>Final Fix Strong Gas<br \/>\nSpr\u00fchlotion f\u00fcr Hunde mit mikrofeiner Diffusion f\u00fcr ein \u201cunsichtbares\u201d Ergebnis.<br \/>\nMaximales Volumen, starke Fixierung, belastet nicht, trocknet schnell, l\u00e4sst sich mit Hilfe\u00a0einer B\u00fcrste\u00a0leicht entfernen, hinterl\u00e4sst keine R\u00fcckst\u00e4nde. Ideal zur Modellierung des\u00a0Top-Knots\u00a0beim Pudel\u00a0w\u00e4hrend der Vorbereitung auf der\u00a0Show oder\u00a0bei Groomingwettbewerben.<br \/>\nAnwendung: Spr\u00fchen Sie das Produkt\u00a0aus einem Abstand von ca. 20-30 cm direkt auf das saubere und gek\u00e4mmte Haar, modellieren Sie es wie gew\u00fcnscht mit Kamm und B\u00fcrste, um ein perfektes Endergebnis zu erzielen.<br \/>\nNur f\u00fcr den professionellen Gebrauch. Kontakt mit den Augen des Tieres vermeiden.<br \/>\nSollte der Dispenser verstopft sein, reinigen Sie\u00a0diesen mit hei\u00dfem Wasser.<br \/>\nEnth\u00e4lt nat\u00fcrliche Harze, die das Fell des Tieres nicht belasten.<\/p>\n<\/div>\n","protected":false},"excerpt":{"rendered":"<p>Final Fix Strong Gas Spr\u00fchlotion f\u00fcr Hunde mit mikrofeiner Diffusion f\u00fcr ein \u201cunsichtbares\u201d Ergebnis. Maximales Volumen, starke Fixierung, belastet nicht, trocknet schnell, l\u00e4sst sich mit Hilfe\u00a0einer B\u00fcrste\u00a0leicht entfernen, hinterl\u00e4sst keine R\u00fcckst\u00e4nde. Ideal zur Modellierung des\u00a0Top-Knots\u00a0beim Pudel\u00a0w\u00e4hrend der Vorbereitung auf der\u00a0Show [&hellip;]<\/p>\n","protected":false},"featured_media":3596,"template":"","meta":[],"product_brand":[],"product_cat":[82,281,290],"product_tag":[],"class_list":{"0":"post-61","1":"product","2":"type-product","3":"status-publish","4":"has-post-thumbnail","6":"product_cat-special-one","7":"product_cat-styling-care-specials","8":"product_cat-styling","10":"first","11":"instock","12":"taxable","13":"shipping-taxable","14":"purchasable","15":"product-type-variable"},"_links":{"self":[{"href":"https:\/\/www.planetpoodle.de\/shop\/wp-json\/wp\/v2\/product\/61","targetHints":{"allow":["GET"]}}],"collection":[{"href":"https:\/\/www.planetpoodle.de\/shop\/wp-json\/wp\/v2\/product"}],"about":[{"href":"https:\/\/www.planetpoodle.de\/shop\/wp-json\/wp\/v2\/types\/product"}],"wp:featuredmedia":[{"embeddable":true,"href":"https:\/\/www.planetpoodle.de\/shop\/wp-json\/wp\/v2\/media\/3596"}],"wp:attachment":[{"href":"https:\/\/www.planetpoodle.de\/shop\/wp-json\/wp\/v2\/media?parent=61"}],"wp:term":[{"taxonomy":"product_brand","embeddable":true,"href":"https:\/\/www.planetpoodle.de\/shop\/wp-json\/wp\/v2\/product_brand?post=61"},{"taxonomy":"product_cat","embeddable":true,"href":"https:\/\/www.planetpoodle.de\/shop\/wp-json\/wp\/v2\/product_cat?post=61"},{"taxonomy":"product_tag","embeddable":true,"href":"https:\/\/www.planetpoodle.de\/shop\/wp-json\/wp\/v2\/product_tag?post=61"}],"curies":[{"name":"wp","href":"https:\/\/api.w.org\/{rel}","templated":true}]}}