{"id":57,"date":"2022-11-12T19:54:59","date_gmt":"2022-11-12T18:54:59","guid":{"rendered":"https:\/\/www.planetpoodle.de\/shop\/?post_type=product&#038;p=57"},"modified":"2026-04-05T17:10:04","modified_gmt":"2026-04-05T15:10:04","slug":"final-fix-ecologic-hairspray","status":"publish","type":"product","link":"https:\/\/www.planetpoodle.de\/shop\/product\/final-fix-ecologic-hairspray\/","title":{"rendered":"FINAL FIX ECOLOGIC HAIRSPRAY"},"content":{"rendered":"<div class=\"std\">\n<p><span id=\"result_box\" lang=\"de\">Final Fix Soft Ecologic Hundehaarspray: Frei von Chloriden. <\/span><span id=\"result_box\" lang=\"de\">beschwert das Fell nicht, klebt nicht, ist leicht mit einem\u00a0Kamm zu entfernen, hinterl\u00e4sst keine R\u00fcckst\u00e4nde, erm\u00f6glicht es, das Fell \u00a0immer wieder zu formen. Hilft, feines und strukturloses\u00a0Fell \u00a0zu konditionieren, vor allem beim Scheren\u00a0der folgenden Hunderassen: Pudel, Bichon Frise, Kerry Blue Terrier, Bedlington Terrier. Empfohlen auch w\u00e4hrend\u00a0der Showvorbereitung\u00a0und des Grooming-Wettbewerbs, da es ein perfektes Styling gew\u00e4hrt.<\/span><\/p>\n<p><span lang=\"de\"><span id=\"result_box\" lang=\"de\">Final Fix\u00a0Strong Ecologic Hundehaarspray: Frei von Chloriden. Es trocknet schnell, Es ist leicht auszuk\u00e4mmen, Es hinterl\u00e4sst keine Re\u00fcckst\u00e4nde, Extra starker Halt. Ideal f\u00fcr\u00a0den Top-Knot bei:\u00a0Shi Tzu, Malteser, Yorkshire Terrier, Pudel und f\u00fcr k\u00fcnstlerische Kreationen.<\/span><\/span><\/p>\n<p><span id=\"result_box\" lang=\"de\">Anwendung: Vor Gebrauch sch\u00fctteln, das Produkt in einem Abstand von ca. 20-30 cm direkt auf des saubere und gek\u00e4mmte\u00a0Fell spr\u00fchen, mit dem Kamm so formen wie sie esw\u00fcnschen. Nur f\u00fcr den professionellen Gebrauch. Vermeiden Sie\u00a0Augenkontakt beim Tier. Bei Verstopfung der D\u00fcse nur mit warmem Wasser reinigen. Es enth\u00e4lt\u00a0raffinierte Harze, die f\u00fcr Tiere unsch\u00e4dlich sind.<\/span><\/p>\n<\/div>\n","protected":false},"excerpt":{"rendered":"<p>Final Fix Soft Ecologic Hundehaarspray: Frei von Chloriden. beschwert das Fell nicht, klebt nicht, ist leicht mit einem\u00a0Kamm zu entfernen, hinterl\u00e4sst keine R\u00fcckst\u00e4nde, erm\u00f6glicht es, das Fell \u00a0immer wieder zu formen. Hilft, feines und strukturloses\u00a0Fell \u00a0zu konditionieren, vor allem beim [&hellip;]<\/p>\n","protected":false},"featured_media":3593,"template":"","meta":[],"product_brand":[],"product_cat":[82,281,290],"product_tag":[],"class_list":{"0":"post-57","1":"product","2":"type-product","3":"status-publish","4":"has-post-thumbnail","6":"product_cat-special-one","7":"product_cat-styling-care-specials","8":"product_cat-styling","10":"first","11":"instock","12":"taxable","13":"shipping-taxable","14":"purchasable","15":"product-type-variable"},"_links":{"self":[{"href":"https:\/\/www.planetpoodle.de\/shop\/wp-json\/wp\/v2\/product\/57","targetHints":{"allow":["GET"]}}],"collection":[{"href":"https:\/\/www.planetpoodle.de\/shop\/wp-json\/wp\/v2\/product"}],"about":[{"href":"https:\/\/www.planetpoodle.de\/shop\/wp-json\/wp\/v2\/types\/product"}],"wp:featuredmedia":[{"embeddable":true,"href":"https:\/\/www.planetpoodle.de\/shop\/wp-json\/wp\/v2\/media\/3593"}],"wp:attachment":[{"href":"https:\/\/www.planetpoodle.de\/shop\/wp-json\/wp\/v2\/media?parent=57"}],"wp:term":[{"taxonomy":"product_brand","embeddable":true,"href":"https:\/\/www.planetpoodle.de\/shop\/wp-json\/wp\/v2\/product_brand?post=57"},{"taxonomy":"product_cat","embeddable":true,"href":"https:\/\/www.planetpoodle.de\/shop\/wp-json\/wp\/v2\/product_cat?post=57"},{"taxonomy":"product_tag","embeddable":true,"href":"https:\/\/www.planetpoodle.de\/shop\/wp-json\/wp\/v2\/product_tag?post=57"}],"curies":[{"name":"wp","href":"https:\/\/api.w.org\/{rel}","templated":true}]}}