{"id":54,"date":"2022-11-12T19:48:32","date_gmt":"2022-11-12T18:48:32","guid":{"rendered":"https:\/\/www.planetpoodle.de\/shop\/?post_type=product&#038;p=54"},"modified":"2025-10-27T10:50:51","modified_gmt":"2025-10-27T09:50:51","slug":"extra-body-cream","status":"publish","type":"product","link":"https:\/\/www.planetpoodle.de\/shop\/product\/extra-body-cream\/","title":{"rendered":"EXTRA BODY CREAM"},"content":{"rendered":"<div class=\"std\">\n<p>Extra Body Cream ist ein hoch konzentrierter Konditioner, der speziell entwickelt wurde, um das Fell von Hunden und Katzen neu zu strukturieren.<\/p>\n<p>Die neueste Generation von Polymeren und Aminos\u00e4uren, Traubenextrakt, Argan\u00f6l, Keratin, Jojoba\u00f6l, Oliven- und Sonnenblumen\u00f6l f\u00f6rdern das Haarwachstum und bringen mehr Feuchtigkeit ins Haar, ohne dieses zu beschweren.<\/p>\n<p>Extra Body Cream erh\u00f6ht umgehend Elastizit\u00e4t, Vitalit\u00e4t, Widerstandsf\u00e4higkeit und Glanz des Haares.<\/p>\n<p>Kollagen und Keratin bauen die Haarmembranen wieder auf. Erfrischen, entgiften und beruhigen das Haar.<\/p>\n<p>Vitamin E, mit seiner stark antioxidanten Wirkung, bek\u00e4mft die Zellalterung.<\/p>\n<p>Extra Body Cream ist ideal f\u00fcr alle Fellarten, insbesondere f\u00fcr leblose, schwache und strapazierte Haare, geeignet.<\/p>\n<p>Wirkstoffe: Keratin, Collagen, Argan\u00f6l, Jojoba\u00f6l, Sonnenblumen\u00f6l, Oliven\u00f6l, Traubenextrakte, Vitamin E.<\/p>\n<p>Anwendung:<\/p>\n<p>Drophair: 1 EL in 0.5 Liter Wasser verd\u00fcnnen, auf frisch gewaschene Haare auftragen, ben\u00f6tigt keine Einwirkzeit<\/p>\n<p>Sie k\u00f6nnen den Konditioner komplett oder zur H\u00e4lfte auswaschen. L\u00e4st sich sehr gut mit Bain Pro Shampoo kombinieren.<\/p>\n<p>Andere Fellarten: 0.5 EL in 1 Liter Wasser verd\u00fcnnen, aussp\u00fclen<\/p>\n<p>Besonders gute Wirkung in Kombination mit Hydrating Cream (0.5 EL Extra Body Cream+ 1 EL Hydrating Cream)<\/p>\n<p>bei Schneiderassen: \u00a0gut aussp\u00fclen.<\/p>\n<\/div>\n","protected":false},"excerpt":{"rendered":"<p>Extra Body Cream ist ein hoch konzentrierter Konditioner, der speziell entwickelt wurde, um das Fell von Hunden und Katzen neu zu strukturieren. Die neueste Generation von Polymeren und Aminos\u00e4uren, Traubenextrakt, Argan\u00f6l, Keratin, Jojoba\u00f6l, Oliven- und Sonnenblumen\u00f6l f\u00f6rdern das Haarwachstum und [&hellip;]<\/p>\n","protected":false},"featured_media":3626,"template":"","meta":[],"product_brand":[],"product_cat":[82,279],"product_tag":[],"class_list":{"0":"post-54","1":"product","2":"type-product","3":"status-publish","4":"has-post-thumbnail","6":"product_cat-special-one","7":"product_cat-conditioner","9":"first","10":"outofstock","11":"taxable","12":"shipping-taxable","13":"purchasable","14":"product-type-variable"},"_links":{"self":[{"href":"https:\/\/www.planetpoodle.de\/shop\/wp-json\/wp\/v2\/product\/54","targetHints":{"allow":["GET"]}}],"collection":[{"href":"https:\/\/www.planetpoodle.de\/shop\/wp-json\/wp\/v2\/product"}],"about":[{"href":"https:\/\/www.planetpoodle.de\/shop\/wp-json\/wp\/v2\/types\/product"}],"wp:featuredmedia":[{"embeddable":true,"href":"https:\/\/www.planetpoodle.de\/shop\/wp-json\/wp\/v2\/media\/3626"}],"wp:attachment":[{"href":"https:\/\/www.planetpoodle.de\/shop\/wp-json\/wp\/v2\/media?parent=54"}],"wp:term":[{"taxonomy":"product_brand","embeddable":true,"href":"https:\/\/www.planetpoodle.de\/shop\/wp-json\/wp\/v2\/product_brand?post=54"},{"taxonomy":"product_cat","embeddable":true,"href":"https:\/\/www.planetpoodle.de\/shop\/wp-json\/wp\/v2\/product_cat?post=54"},{"taxonomy":"product_tag","embeddable":true,"href":"https:\/\/www.planetpoodle.de\/shop\/wp-json\/wp\/v2\/product_tag?post=54"}],"curies":[{"name":"wp","href":"https:\/\/api.w.org\/{rel}","templated":true}]}}