{"id":4102,"date":"2023-07-13T18:46:57","date_gmt":"2023-07-13T16:46:57","guid":{"rendered":"https:\/\/www.planetpoodle.de\/shop\/product\/\/"},"modified":"2026-04-27T11:05:49","modified_gmt":"2026-04-27T09:05:49","slug":"aqua-beauty","status":"publish","type":"product","link":"https:\/\/www.planetpoodle.de\/shop\/product\/aqua-beauty\/","title":{"rendered":"Aqua Beauty"},"content":{"rendered":"<p>Aqua Beauty &#8211; \u201centwirrende und entfilzende Knotenl\u00f6ser-Milch&#8220;<\/p>\n<p>Aqua Beauty ist ein exklusives Produkt von Special One, eine wahre Verw\u00f6hnung, um das Fell deines Hundes Tag f\u00fcr Tag zu pflegen. Es handelt sich um eine entwirrende Milch, die das Fell deines Hundes n\u00e4hrt und frei von Knoten h\u00e4lt.<\/p>\n<p>Um dem Pflegebedarf, des anspruchsvollen Fells langhaariger Rassen, gerecht zu werden, haben wir die &#8222;Aqua Beauty&#8220; Entfilzungsmilch entwickelt.<\/p>\n<blockquote><p>&#8222;In meinem Leben sind zwei Malteser aufgetaucht &#8211; DOLCE und VITA &#8211; ein wunderbares Duo flauschiger Begleiter, die unserem Special One Beauty Spa Leben einhauchen. Ich bin fest davon \u00fcberzeugt, dass die Pflege des Malteserfells zu den anspruchsvollsten geh\u00f6rt: Es ist trocken, fein, anf\u00e4llig f\u00fcr statische Aufladung und neigt dazu, leicht zu verfilzen. Aus diesem Grund haben wir Aqua Beauty entwickelt. Wenn man das Fell eines Maltesers nicht t\u00e4glich b\u00fcrstet, bilden sich schnell Verfilzungen, die aufgrund der Gr\u00f6\u00dfe des Hundes schwer zu entwirren sind. Wenn man dennoch t\u00e4glich das Fell b\u00fcrstet, besteht das Risiko, dass es zu trocken wird oder \u00fcberm\u00e4ssig ausged\u00fcnnt wird. Ausserdem kann man nicht st\u00e4ndig Entfilzungsspray verwenden, da es das wei\u00dfe Fell verf\u00e4rben und das \u00e4u\u00dfere Erscheinungsbild beeintr\u00e4chtigen k\u00f6nnte. Daher ist Aqua Beauty die L\u00f6sung: Es ist eine &#8222;Entfilzungsmilch&#8220; speziell f\u00fcr langhaarige Rassen.&#8220;<\/p>\n<p>&nbsp;<\/p>\n<p><em>Julia Marenkowa, Gesch\u00e4ftsf\u00fchrerin Special One Grooming Center srl <\/em><\/p><\/blockquote>\n<p>Aqua Beauty enth\u00e4lt Orchideenextrakt, der dem Fell Weichheit und Geschmeidigkeit verleiht. Das Extrakt der afrikanischen Tulpe verleiht dem m\u00fcden und trockenen Fell Glanz und Vitalit\u00e4t. Zus\u00e4tzlich sind hydrolysierte Weizenproteine in dem Produkt enthalten, die eine herausragende antistatische und sch\u00fctzende Wirkung bieten, ohne dabei fettig zu wirken. Aqua Beauty verhindert leichtes und feines Verfilzen des Fells. Im Vergleich zu Mix Pink ist Aqua Beauty dicker und effektiver gegen Verfilzungen. Im Gegensatz zu Absolute 4 Poodle wurde Aqua Beauty entwickelt, um das Hundefell zu erweichen und Verfilzungen vorzubeugen, sodass das Fell gepflegt und ordentlich aussieht. Der zarte Duft, der an Gesichtscreme erinnert, h\u00e4lt lange an, ohne aufdringlich zu sein, und verleiht dem Fell einen Duft nach wei\u00dfen Blumen.<\/p>\n<p>Aqua Beauty besitzt neben seinen entwirrenden Eigenschaften auch antistatische und aromatische Effekte. Seine Hauptaufgabe besteht darin, trockene Verfilzungen zu entwirren, ohne das Fell, im Gegensatz zu 4 Elements Oil, fettig zu machen. Es kann auf vernachl\u00e4ssigtem und verfilztem Fell angewendet werden und dient auch zur Vorbeugung von Verfilzungen. Dank seiner feuchtigkeitsspendenden Eigenschaften eignet sich Aqua Beauty besonders f\u00fcr die Pflege von langem und feinem Fell, das zu Trockenheit neigt. Bevor das Fell jedoch gebadet wird, macht Aqua Beauty das Haar nicht fettig und minimiert so das Risiko einer unvollst\u00e4ndigen Reinigung oder von Stellen im Fell, die nicht vollst\u00e4ndig von \u00d6l gereinigt wurden.<\/p>\n<p>Aqua Beauty wird zu einem unverzichtbaren Produkt f\u00fcr die ideale Pflege des Fells Ihres geliebten Maltesers und hebt die Fellpflege auf ein neues Niveau.<\/p>\n<p><strong>\u00a0Empfohlen f\u00fcr:<\/strong><\/p>\n<p>\u2022 Fellpflege und t\u00e4gliches B\u00fcrsten<br \/>\n\u2022 Wiederherstellung, Befeuchtung und Reparatur von gesch\u00e4digtem und trockenem Fell<br \/>\n\u2022 Als Antistatikum und Entfilzungsmittel<\/p>\n<p><strong>\u00a0Zusammensetzung:<\/strong><\/p>\n<p>AFRIKANISCHER TULPENBAUM (SPATHODEA CAMPANULATA): Dieses Pflanze stammt aus dem tropischen Afrika und geh\u00f6rt zur Familie der Trompetenbaumgew\u00e4chse. Der immergr\u00fcne Baum kann eine H\u00f6he von 7 bis 25 Metern erreichen. Der afrikanische Tulpenbaum wird von Schamanen zur Herstellung von Talismanen verwendet und wird von vielen V\u00f6lkern und St\u00e4mmen verehrt, die an seine magischen Eigenschaften glauben. Seine Bl\u00fcte z\u00e4hlt zu den beeindruckendsten der Welt und erzeugt Bl\u00fcten, die zur Behandlung von Hautproblemen (Infektionen, Irritationen usw.) verwendet werden, w\u00e4hrend seine Rinde zur Behandlung von Malaria, als Gegengift und zur Beschleunigung der Wundheilung eingesetzt wird. Aus den Bl\u00fcten des Spathodea campanulata-Baums wird ein Extrakt gewonnen, welches haupts\u00e4chlich Phenolverbindungen (Flavonoide und Anthocyane) und Triterpene enth\u00e4lt. Diese aktiven Molek\u00fcle sind f\u00fcr ihre antioxidativen, erweichenden und heilenden Eigenschaften bekannt und verleihen dem Fell einen wunderbaren seidigen Glanz, w\u00e4hrend sie Sch\u00e4den durch Wind, Umweltverschmutzung und F\u00f6hnen wiederherstellen. Das Ergebnis ist eine exquisite Kombination aus beruhigenden und revitalisierenden Empfindungen f\u00fcr ein Fell, das visuell lebendig und strahlend aussieht.<\/p>\n<p>ORCHIDEE: Diese Pflanzen geh\u00f6ren zur Familie der Orchideen und wachsen normalerweise in feuchten Gebieten des intertropischen G\u00fcrtels von Indonesien bis Mexiko. Das Extrakt, welches aus diesen Pflanzen gewonnen wird, ist reich an Mineralien und Polysacchariden, die feuchtigkeitsspendende, erweichende, anti-aging und regenerierende Eigenschaften haben.<\/p>\n","protected":false},"excerpt":{"rendered":"<p>Aqua Beauty &#8211; \u201centwirrende und entfilzende Knotenl\u00f6ser-Milch&#8220; Aqua Beauty ist ein exklusives Produkt von Special One, eine wahre Verw\u00f6hnung, um das Fell deines Hundes Tag f\u00fcr Tag zu pflegen. Es handelt sich um eine entwirrende Milch, die das Fell deines [&hellip;]<\/p>\n","protected":false},"featured_media":4104,"template":"","meta":[],"product_brand":[],"product_cat":[82,282,281,292],"product_tag":[],"class_list":{"0":"post-4102","1":"product","2":"type-product","3":"status-publish","4":"has-post-thumbnail","6":"product_cat-special-one","7":"product_cat-special-care","8":"product_cat-styling-care-specials","9":"product_cat-specials","11":"first","12":"instock","13":"taxable","14":"shipping-taxable","15":"purchasable","16":"product-type-variable"},"_links":{"self":[{"href":"https:\/\/www.planetpoodle.de\/shop\/wp-json\/wp\/v2\/product\/4102","targetHints":{"allow":["GET"]}}],"collection":[{"href":"https:\/\/www.planetpoodle.de\/shop\/wp-json\/wp\/v2\/product"}],"about":[{"href":"https:\/\/www.planetpoodle.de\/shop\/wp-json\/wp\/v2\/types\/product"}],"wp:featuredmedia":[{"embeddable":true,"href":"https:\/\/www.planetpoodle.de\/shop\/wp-json\/wp\/v2\/media\/4104"}],"wp:attachment":[{"href":"https:\/\/www.planetpoodle.de\/shop\/wp-json\/wp\/v2\/media?parent=4102"}],"wp:term":[{"taxonomy":"product_brand","embeddable":true,"href":"https:\/\/www.planetpoodle.de\/shop\/wp-json\/wp\/v2\/product_brand?post=4102"},{"taxonomy":"product_cat","embeddable":true,"href":"https:\/\/www.planetpoodle.de\/shop\/wp-json\/wp\/v2\/product_cat?post=4102"},{"taxonomy":"product_tag","embeddable":true,"href":"https:\/\/www.planetpoodle.de\/shop\/wp-json\/wp\/v2\/product_tag?post=4102"}],"curies":[{"name":"wp","href":"https:\/\/api.w.org\/{rel}","templated":true}]}}