{"id":3698,"date":"2022-12-12T17:09:17","date_gmt":"2022-12-12T16:09:17","guid":{"rendered":"https:\/\/www.planetpoodle.de\/shop\/?post_type=product&#038;p=3698"},"modified":"2025-01-05T21:11:03","modified_gmt":"2025-01-05T20:11:03","slug":"__trashed","status":"publish","type":"product","link":"https:\/\/www.planetpoodle.de\/shop\/product\/__trashed\/","title":{"rendered":"PROFIQUALIT\u00c4T MIT GLAMOURTOUCH: AQUAROSA PASSION PRO &amp; AQUA DOLCE"},"content":{"rendered":"<p>Set bestehend aus:<\/p>\n<ul>\n<li>250ml <a href=\"https:\/\/www.planetpoodle.de\/shop\/?product=shampoo-aquarosa-passion-pro\">Shampoo Aquarosa Passion Pro<\/a>Revitalisierende Behandlung f\u00fcr br\u00fcchiges und dehydriertes Fell, enth\u00e4lt schillernde Perlen! F\u00fcr echte Aquarosa Pro-Enthusiasten ist Aquarosa Passion Pro wie gemacht.<\/li>\n<li>150ml <a href=\"https:\/\/www.planetpoodle.de\/shop\/?product=aqua-dolce\">Conditioner Aqua Dolce<\/a>AQUA DOLCE ist eine weichmachende Pflegemaske\/Konditioner zur Anwendung bei krausem und gesch\u00e4digten Haarkleid.<br \/>\nAQUA DOLCE ist ein leichter und s\u00fc\u00dfer Konditioner, der die vernachl\u00e4ssigten Haare von Hunden und Katzen schnell n\u00e4hrt, entwirrt und pflegt.<br \/>\nSpeziell entwickelt, um das Haar nach dem hei\u00dfen Sommer oder nach intensivem B\u00fcrsten zu restrukturieren.<\/li>\n<\/ul>\n","protected":false},"excerpt":{"rendered":"<p>Profiqualit\u00e4t mit Glamourtouch<\/p>\n","protected":false},"featured_media":3699,"template":"","meta":[],"product_brand":[],"product_cat":[82,283],"product_tag":[],"class_list":{"0":"post-3698","1":"product","2":"type-product","3":"status-publish","4":"has-post-thumbnail","6":"product_cat-special-one","7":"product_cat-special-offers","9":"first","10":"outofstock","11":"taxable","12":"shipping-taxable","13":"purchasable","14":"product-type-simple"},"_links":{"self":[{"href":"https:\/\/www.planetpoodle.de\/shop\/wp-json\/wp\/v2\/product\/3698","targetHints":{"allow":["GET"]}}],"collection":[{"href":"https:\/\/www.planetpoodle.de\/shop\/wp-json\/wp\/v2\/product"}],"about":[{"href":"https:\/\/www.planetpoodle.de\/shop\/wp-json\/wp\/v2\/types\/product"}],"wp:featuredmedia":[{"embeddable":true,"href":"https:\/\/www.planetpoodle.de\/shop\/wp-json\/wp\/v2\/media\/3699"}],"wp:attachment":[{"href":"https:\/\/www.planetpoodle.de\/shop\/wp-json\/wp\/v2\/media?parent=3698"}],"wp:term":[{"taxonomy":"product_brand","embeddable":true,"href":"https:\/\/www.planetpoodle.de\/shop\/wp-json\/wp\/v2\/product_brand?post=3698"},{"taxonomy":"product_cat","embeddable":true,"href":"https:\/\/www.planetpoodle.de\/shop\/wp-json\/wp\/v2\/product_cat?post=3698"},{"taxonomy":"product_tag","embeddable":true,"href":"https:\/\/www.planetpoodle.de\/shop\/wp-json\/wp\/v2\/product_tag?post=3698"}],"curies":[{"name":"wp","href":"https:\/\/api.w.org\/{rel}","templated":true}]}}