{"id":36,"date":"2022-11-12T19:21:49","date_gmt":"2022-11-12T18:21:49","guid":{"rendered":"https:\/\/www.planetpoodle.de\/shop\/?post_type=product&#038;p=36"},"modified":"2026-04-27T19:11:46","modified_gmt":"2026-04-27T17:11:46","slug":"absolute-4poodle","status":"publish","type":"product","link":"https:\/\/www.planetpoodle.de\/shop\/product\/absolute-4poodle\/","title":{"rendered":"ABSOLUTE 4POODLE"},"content":{"rendered":"<div class=\"std\">\n<p><em>Absolute 4Poodle<\/em> ist eine antistatische \u201eLeave in&#8220; Sp\u00fclung ohne Aussp\u00fclen, die speziell f\u00fcr die Behandlung des lockigen Fells des Pudels entwickelt wurde.<\/p>\n<p>Sofort einsatzbereit, spendet <em>Absolute 4Poodle<\/em> der krausen, gelockten Haarstruktur Feuchtigkeit, beseitigt Knoten und hilft selbst &#8222;unm\u00f6gliche&#8220; Locken zu b\u00e4ndigen und zu gl\u00e4tten.<\/p>\n<p>Unverzichtbar beim Grooming, definiert dieser Anti-Frizz-Conditioner die Locken und verleiht dem Haar F\u00fclle und Volumen, ohne es zu beschweren.<\/p>\n<p>Schon nach der ersten Verwendung ist das Fell weich und flauschig, nat\u00fcrlich geformt, bereit zum Schneiden, Stylen oder zur Showvorbereitung.<\/p>\n<p>Auch ideal geeignet als schnelle Hilfe, bei unerw\u00fcnschter Lockenbildung oder Volumenverlust,<\/p>\n<p><em>Absolute 4Poodle<\/em> erfrischt das Fell beim B\u00fcrsten und parf\u00fcmiert das Haar mit einem angenehmen Special One Signature-Duft.<\/p>\n<p><strong>Komposition:<\/strong><\/p>\n<p>Die Absolute 4Poodle-Formel ist kostbar und raffiniert.<\/p>\n<p>Angereichert mit Kaschmirproteinen, die das Fell kompakt, strahlend und hydratisiert machen, enth\u00e4lt dieses antistatische Spray ein wertvolles Extrakt aus biologischem Alba-Tr\u00fcffel, eine italienische K\u00f6stlichkeit, die als kosmetische Substanz mit au\u00dfergew\u00f6hnlichen Anti-Aging- und revitalisierenden Eigenschaften bekannt ist und dem Haar einen beispiellosen \u201eFiller-Effekt&#8220; verleiht und langanhaltende Elastizit\u00e4t spendet.<\/p>\n<p><strong>Anwendung:<\/strong><\/p>\n<p><em>Absolute 4Poodle<\/em> ist gebrauchsfertig.<\/p>\n<p>F\u00fcr ein einwandfreies Ergebnis empfiehlt es sich die Flasche vor der Anwendung zu sch\u00fctteln und das Produkt \u00fcber das gesamte trockene oder frisch gewaschene Fell (mit Ausnahme des Top-Knot vor dem Auftragen des Spr\u00fchlacks) zu verteilen und das Haar beim B\u00fcrsten in Schichten aufzuteilen.<\/p>\n<p>Der Conditioner trocknet schnell und ist (bei allen Fellfarben) unsichtbar auf dem Fell.<\/p>\n<p><em>Absolute 4Poodle<\/em> ist ideal sowohl zum Finish und Polieren beim Scherenschnitt als auch f\u00fcr den t\u00e4glichen Gebrauch geeignet.<\/p>\n<p>Dank seiner zarten Formel kann es mehrmals t\u00e4glich, w\u00e4hrend einer Beauty-Show oder nach einem Spaziergang aufgetragen werden.<\/p>\n<p><strong><em>Kommentar von Natascha Kolbe (Planet Poodle Grooming)<\/em><\/strong><\/p>\n<p>Alleine der feine exklusive Duft verleiht diesem Produkt einen hochwertigen Pflegestatus.<\/p>\n<p>Es ist sehr ergiebig (nicht zu viel auf eine Stelle aufspr\u00fchen).<\/p>\n<p>Der Effekt ist sofort sicht- und sp\u00fcrbar. Auf einer Ausstellung hilft es sofort das gelockte Fell zu gl\u00e4tten, ohne es zu beschweren (eine gewisse Technik vorausgesetzt) .<\/p>\n<p>Sie k\u00f6nnen es direkt auf das Fell oder auch auf die B\u00fcrste oder einen Kamm auftragen und die wertvollen Pflegestoffe tief in das Haar einbringen.<\/p>\n<p>Es ist ein geniales Allrounder-Produkt! Alles was das Pudelfell braucht!<\/p>\n<p>Von Fachleuten und den besten Groomern entwickelt und umgesetzt.<\/p>\n<p>Und sie k\u00f6nnen davon profitieren!<\/p>\n<p>Ich glaube niemand von den Pudelleuten wird Absolute 4Poodle zuk\u00fcnftig missen wollen!<\/p>\n<\/div>\n","protected":false},"excerpt":{"rendered":"<p>Absolute 4Poodle ist eine antistatische \u201eLeave in&#8220; Sp\u00fclung ohne Aussp\u00fclen, die speziell f\u00fcr die Behandlung des lockigen Fells des Pudels entwickelt wurde. Sofort einsatzbereit, spendet Absolute 4Poodle der krausen, gelockten Haarstruktur Feuchtigkeit, beseitigt Knoten und hilft selbst &#8222;unm\u00f6gliche&#8220; Locken zu [&hellip;]<\/p>\n","protected":false},"featured_media":3625,"template":"","meta":[],"product_brand":[],"product_cat":[82,281,292],"product_tag":[],"class_list":{"0":"post-36","1":"product","2":"type-product","3":"status-publish","4":"has-post-thumbnail","6":"product_cat-special-one","7":"product_cat-styling-care-specials","8":"product_cat-specials","10":"first","11":"instock","12":"taxable","13":"shipping-taxable","14":"purchasable","15":"product-type-variable"},"_links":{"self":[{"href":"https:\/\/www.planetpoodle.de\/shop\/wp-json\/wp\/v2\/product\/36","targetHints":{"allow":["GET"]}}],"collection":[{"href":"https:\/\/www.planetpoodle.de\/shop\/wp-json\/wp\/v2\/product"}],"about":[{"href":"https:\/\/www.planetpoodle.de\/shop\/wp-json\/wp\/v2\/types\/product"}],"wp:featuredmedia":[{"embeddable":true,"href":"https:\/\/www.planetpoodle.de\/shop\/wp-json\/wp\/v2\/media\/3625"}],"wp:attachment":[{"href":"https:\/\/www.planetpoodle.de\/shop\/wp-json\/wp\/v2\/media?parent=36"}],"wp:term":[{"taxonomy":"product_brand","embeddable":true,"href":"https:\/\/www.planetpoodle.de\/shop\/wp-json\/wp\/v2\/product_brand?post=36"},{"taxonomy":"product_cat","embeddable":true,"href":"https:\/\/www.planetpoodle.de\/shop\/wp-json\/wp\/v2\/product_cat?post=36"},{"taxonomy":"product_tag","embeddable":true,"href":"https:\/\/www.planetpoodle.de\/shop\/wp-json\/wp\/v2\/product_tag?post=36"}],"curies":[{"name":"wp","href":"https:\/\/api.w.org\/{rel}","templated":true}]}}