{"id":30,"date":"2022-11-12T18:57:51","date_gmt":"2022-11-12T17:57:51","guid":{"rendered":"https:\/\/www.planetpoodle.de\/shop\/?post_type=product&#038;p=30"},"modified":"2026-04-05T17:08:27","modified_gmt":"2026-04-05T15:08:27","slug":"bombastic-1l","status":"publish","type":"product","link":"https:\/\/www.planetpoodle.de\/shop\/product\/bombastic-1l\/","title":{"rendered":"BOMBASTIC 1l"},"content":{"rendered":"<p>Wir sind gl\u00fccklich, Ihnen einen revolution\u00e4ren Fellrekonstruierer, f\u00fcr Hunde und Katzen, der\u00a0neuesten Generation zu pr\u00e4sentieren:<\/p>\n<p>BOMBASTIC<\/p>\n<p><strong>F\u00fcr wen wurde BOMBASTIC entwickelt?<\/strong><\/p>\n<p>BOMBASTIC l\u00e4sst niemanden gleichg\u00fcltig und ist interessant f\u00fcr: Groomer, Z\u00fcchter, Hundebesitzer und Handler!<\/p>\n<p><strong>In welche Produktkategorie geh\u00f6rt BOMBASTIC?<\/strong><\/p>\n<p>BOMBASTIC ist eine absolute Neuheit. In seiner Zusammensetzung ist BOMBASTIC kein Shampoo, kein Conditioner und auch kein \u00d6l-Serum.\u00a0BOMBASTIC ist ein rekonstruierendes, fl\u00fcssiges Mittel der neuesten Generation!<\/p>\n<p><strong>BOMBASTIC kann angewendet werden:<\/strong><\/p>\n<ul>\n<li>als Shampoozusatz<\/li>\n<li>als Conditioner<\/li>\n<li>als Zusatz in ihrem \u00fcblichen Conditioner<\/li>\n<li>als zus\u00e4tzlicher Schritt zwischen Shampoo und Conditioner<\/li>\n<li>als rekonstruierendes Spray<\/li>\n<\/ul>\n<p><strong>Welches Ergebnis kann man nach der Anwendung von BOMBASTIC erwarten?<\/strong><\/p>\n<ul>\n<li>langes gesundes Fell<\/li>\n<li>tiefe Fellrekonstruktion<\/li>\n<li>beschleunigtes qualitatives und quantitatives Fellwachstum<\/li>\n<li>unglaublichen Glanz<\/li>\n<li>gesundes Volumen<\/li>\n<li>das Fell wird so angenehm und geschmeidig, das sie es immer wieder anfassen wollen<\/li>\n<\/ul>\n<p><strong>Lassen sie uns die Zusammensetzung von BOMBASTIC unter die Lupe nehmen:<\/strong><\/p>\n<p>Dieses Mittel hat eine einzigartige Formel, angereichert mit wertvollen Antioxidantien, Q-10 und einem Mineralien- und Mikroelementekomplex aus Zink, Eisen, Magnesium, Silizium, fermentiertem Kupfer und Macadamiaextrakt.\u00a0Dank der Wirkung der Hefe Saccharomyces cerevisiae arbeitet die Mineralmischung mit niedermolekularen Glykopeptiden, um Zellbarrieren abzubauen und tief in die Haar-Schuppenschicht einzudringen, wobei sie seine intensive Wirkung aus\u00fcbt.\u00a0Alle diese wertvollen Stoffe dringen tief in das Haar ein und f\u00fcllen die bestehenden Defizite auf.<\/p>\n<p>Das Ergebnis: Ein solches Fell haben sie noch nie vorher gesehen!!!<\/p>\n<p><strong>Anwendungsempfehlungen:<\/strong><\/p>\n<ol>\n<li>F\u00fcr eine schnelle, sparsame und sehr effektive Pflege: Geben sie 1-2 Essl\u00f6ffel BOMBASTIC in ihr Shampoo. Nutzen sie BOMBASTIC auch bei der zweiten W\u00e4sche. (Es wird immer zweimal shampooniert, mit dem gleichen oder einem anderen Shampoos, je nach Bedarf).\u00a0Nach dem Aussp\u00fclen spr\u00fchen sie auf das handtuchtrockene Fell mit Wasser verd\u00fcnntes BOMBASTIC (ca. 50ml \u2013 3 Flaschendeckel auf 1 Liter Wasser). Lassen sie alles 3-5 Minuten einwirken, sp\u00fclen sie es aus und beginnen sie mit dem F\u00f6hnen.\u00a0Im Alltag ist genau diese Anwendung bei Groomern (die das erstaunliche Ergebnis und den sparsamen Verbrauch dabei sch\u00e4tzen) sehr beliebt.<\/li>\n<li>W\u00f6chentliche Fell-Rekonstruktion:\u00a0Wenden sie BOMBASTIC in ihrer Pre-Maske an (3 Essl\u00f6ffel BOMBASTIC auf 1 Liter Wasser + ihre \u00fcblichen Produkte, welche sie in ihrer Maske anwenden).\u00a0F\u00fcgen sie auch 1 bis 2 Essl\u00f6ffel BOMBASTIC ihrem Conditioner hinzu, lassen sie alles 5 Minuten einwirken und sp\u00fclen sie es aus.<\/li>\n<li>Maximale Fell-Rekonstruktion:\u00a0Mischen sie 50ml BOMBASTIC mit 50ml kaltem Wasser, lassen sie die Mischung einige Minuten stehen, danach tragen sie diese auf das Fell auf und sie werden einen erstaunliches Ergebnis bekommen. Sie k\u00f6nnen damit besonders strapazierte Bereiche, Haarspitzen oder das gesamte Fell sehr gut pflegen.<\/li>\n<li>Sie k\u00f6nnen BOMBASTIC mit etwas kaltem Wasser verr\u00fchren und zu einem Schaum schlagen, damit sie es noch besser auf bestimmte Bereiche verteilen k\u00f6nnen.<\/li>\n<\/ol>\n<p>BOMBASTIC unterst\u00fctzt und vergr\u00f6\u00dfert sogar das Volumen und die nat\u00fcrliche Fellstruktur.\u00a0Unabh\u00e4ngig von seiner extrem nahrhaften Wirkung, werden sie bei allen Hunderassen, nie das Volumen verlieren.<\/p>\n<p>Manchmal ist es empfehlenswert die Wirkung von BOMBASTIC etwas zu begrenzen.<br \/>\nLassen sie uns dazu einige Beispiele betrachten:<\/p>\n<ul>\n<li>Der R\u00fccken von Berner Sennenhund oder Golden Retriever: Wenn sich dort unb\u00e4ndige Locken befinden, die auf fehlende Unterwolle zur\u00fcckzuf\u00fchren sind.<\/li>\n<li>Yorkshire Terrier oder Malteser vor dem Ausstellungsring, weil die Haare wie einen Seidentuch liegen sollten.<\/li>\n<\/ul>\n<p><strong>Kompatibilit\u00e4t:<\/strong> Alle Special One Produkte k\u00f6nnen zusammen mit BOMBASTIC kombiniert werden. Besonders gut eignen sich aber:<\/p>\n<p>Shampoos: Bain Pro, Aquarosa Pro, Aquapure Pro, 4 Poodle Pro<\/p>\n<p>Maske: Bio Energy<\/p>\n<p>Conditioner: Hydrating Cream, Aqua Dolce<\/p>\n<p>Als optimalen Abschluss das Fell mit Absolute 4 Poodle, Mix Pink oder Style 360 (je nach Bedarf) pflegen.<\/p>\n<p><strong>Unsere Garantie:<\/strong><\/p>\n<ul>\n<li>Biologisch abbaubare Produkte +90%<\/li>\n<li>Ohne SLS, ohne Parabene<\/li>\n<li>Keine Tierversuche<\/li>\n<li>recycelbare Verpackung PEHDO2<\/li>\n<\/ul>\n<p><strong>Bei welchen Rassen wirkt BOMBASTIC Wunder?<\/strong><\/p>\n<ul>\n<li>Alle Katzen<\/li>\n<li>Alle lockigen Rassen (Pudel, Bichon Frise, Kerry Blue Terrier, Bedlington Terrier u.a)<\/li>\n<li>Alle H\u00fctehunde (australische, belgische, deutsche u.a.)<\/li>\n<li>Alle Cocker Spaniel (amerikanische, englische), Cavalier King Charles Spaniel<\/li>\n<li>Alle tibetischen Rassen (Shi-Tzu, Lassa Apso, Tibetian Terrier u.a)<\/li>\n<li>Alle Rassen mit langem und seidigem Fell (Afghanen u.a)<\/li>\n<li>Rassen der FCI-Gruppen 2 und 8 (Neufundl\u00e4nder, Berner Sennenhund, Retriever u.a)<\/li>\n<li>Alle urspr\u00fcnglichen Rassen (Spitz, Samojede)<\/li>\n<li>Alle Terrier<\/li>\n<li>usw.<\/li>\n<\/ul>\n","protected":false},"excerpt":{"rendered":"<p>Wir sind gl\u00fccklich, Ihnen einen revolution\u00e4ren Fellrekonstruierer, f\u00fcr Hunde und Katzen, der\u00a0neuesten Generation zu pr\u00e4sentieren: BOMBASTIC F\u00fcr wen wurde BOMBASTIC entwickelt? BOMBASTIC l\u00e4sst niemanden gleichg\u00fcltig und ist interessant f\u00fcr: Groomer, Z\u00fcchter, Hundebesitzer und Handler! In welche Produktkategorie geh\u00f6rt BOMBASTIC? BOMBASTIC [&hellip;]<\/p>\n","protected":false},"featured_media":3567,"template":"","meta":[],"product_brand":[],"product_cat":[82,280],"product_tag":[],"class_list":{"0":"post-30","1":"product","2":"type-product","3":"status-publish","4":"has-post-thumbnail","6":"product_cat-special-one","7":"product_cat-badezusaetze","9":"first","10":"instock","11":"taxable","12":"shipping-taxable","13":"purchasable","14":"product-type-simple"},"_links":{"self":[{"href":"https:\/\/www.planetpoodle.de\/shop\/wp-json\/wp\/v2\/product\/30","targetHints":{"allow":["GET"]}}],"collection":[{"href":"https:\/\/www.planetpoodle.de\/shop\/wp-json\/wp\/v2\/product"}],"about":[{"href":"https:\/\/www.planetpoodle.de\/shop\/wp-json\/wp\/v2\/types\/product"}],"wp:featuredmedia":[{"embeddable":true,"href":"https:\/\/www.planetpoodle.de\/shop\/wp-json\/wp\/v2\/media\/3567"}],"wp:attachment":[{"href":"https:\/\/www.planetpoodle.de\/shop\/wp-json\/wp\/v2\/media?parent=30"}],"wp:term":[{"taxonomy":"product_brand","embeddable":true,"href":"https:\/\/www.planetpoodle.de\/shop\/wp-json\/wp\/v2\/product_brand?post=30"},{"taxonomy":"product_cat","embeddable":true,"href":"https:\/\/www.planetpoodle.de\/shop\/wp-json\/wp\/v2\/product_cat?post=30"},{"taxonomy":"product_tag","embeddable":true,"href":"https:\/\/www.planetpoodle.de\/shop\/wp-json\/wp\/v2\/product_tag?post=30"}],"curies":[{"name":"wp","href":"https:\/\/api.w.org\/{rel}","templated":true}]}}