{"id":26,"date":"2022-11-12T19:01:48","date_gmt":"2022-11-12T18:01:48","guid":{"rendered":"https:\/\/www.planetpoodle.de\/shop\/?post_type=product&#038;p=26"},"modified":"2026-02-27T17:14:30","modified_gmt":"2026-02-27T16:14:30","slug":"4-elements-oel","status":"publish","type":"product","link":"https:\/\/www.planetpoodle.de\/shop\/product\/4-elements-oel\/","title":{"rendered":"4 ELEMENTS \u00d6L"},"content":{"rendered":"<p>Das \u00bb4 Elements \u00d6l\u00ab ist ein st\u00e4rkendes und wiederherstellendes Mittel, mit sofortiger Wirkung, zur Behandlung von trockenem, stark strapaziertem Haar.<\/p>\n<p>Es sorgt bereits nach der ersten Anwendung f\u00fcr nat\u00fcrlichen Glanz und Geschmeidigkeit und ist hervorragend geeignet um selbst sehr starke Verfilzungen vor dem Baden, zu l\u00f6sen. In nur wenigen Minuten sind die verfilzten Haare wieder k\u00e4mmbar und mit Feuchtigkeit versorgt.<\/p>\n<p>Empfehlenswert f\u00fcr alle Hunderassen.<\/p>\n<p>Anwendungsvorschl\u00e4ge:<br \/>\n\u2022Tragen sie kleine Mengen 4 Elements \u00d6l direkt auf die verfilzten Stellen auf (auf trockenes oder auch nasses Fell).<br \/>\n\u2022Die verfilzten Stellen k\u00f6nnen sie sofort mit den H\u00e4nden l\u00f6sen.<br \/>\n\u2022K\u00e4mmen sie schlie\u00dflich mit einer B\u00fcrste durch.<br \/>\nSehen sie auch unser aussagekr\u00e4ftiges Album zu dieser Anwendung.<\/p>\n<p>Um ein hervorragendes Ergebnis, das die strapazierten Haare wieder herstellt, zu erreichen, empfehlen wir auch folgende Anwendung:<br \/>\n\u2022Mischen sie 10-50 Tropfen (je nach Hundegr\u00f6\u00dfe) mit 1 EL feuchtigkeitsspendender HYDRATING CREAM.<br \/>\n\u2022Verd\u00fcnnen sie die Mischung in 1-2 Liter hei\u00dfem Wasser und verteilen sie die fertige Mischung auf die gesamte Haarl\u00e4nge.<br \/>\n\u2022Im Fall von stark gesch\u00e4digtem Haar sollte dieses Verfahren unter einer W\u00e4rmequelle (F\u00f6hn) durchgef\u00fchrt werden.<br \/>\n\u2022Nach Abschluss gut aussp\u00fclen und das Haar trocknen.<br \/>\nDiese Anwendung kann man als erste FASE (Haarmaske) oder als dritte FASE (Abschlussbehandlung), jedoch nicht vor Ausstellungen, verwenden.<\/p>\n<p>Enth\u00e4lt: Argan-\u00d6l , Lein\u00f6l, Walnuss\u00f6l, \u00d6l aus wildem Soja<\/p>\n<p>Erh\u00e4ltlich als:<br \/>\n50ml Flasche<br \/>\n200ml Flasche.<\/p>\n","protected":false},"excerpt":{"rendered":"<p>Das \u00bb4 Elements \u00d6l\u00ab ist ein st\u00e4rkendes und wiederherstellendes Mittel, mit sofortiger Wirkung, zur Behandlung von trockenem, stark strapaziertem Haar. Es sorgt bereits nach der ersten Anwendung f\u00fcr nat\u00fcrlichen Glanz und Geschmeidigkeit und ist hervorragend geeignet um selbst sehr starke [&hellip;]<\/p>\n","protected":false},"featured_media":3588,"template":"","meta":[],"product_brand":[],"product_cat":[82,281,291],"product_tag":[],"class_list":{"0":"post-26","1":"product","2":"type-product","3":"status-publish","4":"has-post-thumbnail","6":"product_cat-special-one","7":"product_cat-styling-care-specials","8":"product_cat-care","10":"first","11":"outofstock","12":"taxable","13":"shipping-taxable","14":"purchasable","15":"product-type-variable"},"_links":{"self":[{"href":"https:\/\/www.planetpoodle.de\/shop\/wp-json\/wp\/v2\/product\/26","targetHints":{"allow":["GET"]}}],"collection":[{"href":"https:\/\/www.planetpoodle.de\/shop\/wp-json\/wp\/v2\/product"}],"about":[{"href":"https:\/\/www.planetpoodle.de\/shop\/wp-json\/wp\/v2\/types\/product"}],"wp:featuredmedia":[{"embeddable":true,"href":"https:\/\/www.planetpoodle.de\/shop\/wp-json\/wp\/v2\/media\/3588"}],"wp:attachment":[{"href":"https:\/\/www.planetpoodle.de\/shop\/wp-json\/wp\/v2\/media?parent=26"}],"wp:term":[{"taxonomy":"product_brand","embeddable":true,"href":"https:\/\/www.planetpoodle.de\/shop\/wp-json\/wp\/v2\/product_brand?post=26"},{"taxonomy":"product_cat","embeddable":true,"href":"https:\/\/www.planetpoodle.de\/shop\/wp-json\/wp\/v2\/product_cat?post=26"},{"taxonomy":"product_tag","embeddable":true,"href":"https:\/\/www.planetpoodle.de\/shop\/wp-json\/wp\/v2\/product_tag?post=26"}],"curies":[{"name":"wp","href":"https:\/\/api.w.org\/{rel}","templated":true}]}}