{"id":218,"date":"2022-11-13T12:51:26","date_gmt":"2022-11-13T11:51:26","guid":{"rendered":"https:\/\/www.planetpoodle.de\/shop\/?post_type=product&#038;p=218"},"modified":"2025-01-05T21:18:35","modified_gmt":"2025-01-05T20:18:35","slug":"kanisterpumpe","status":"publish","type":"product","link":"https:\/\/www.planetpoodle.de\/shop\/product\/kanisterpumpe\/","title":{"rendered":"KANISTERPUMPE"},"content":{"rendered":"<div class=\"std\">\n<p>Kanisterpumpe passend f\u00fcr 5l und 10l Kanister.<\/p>\n<div><strong>kinderleichtes Dosieren &#8211; 2 Pumpstosse f\u00fcr 1 Liter Wasser.<\/strong> Bitte schneiden sie das beigeliegende R\u00f6hrchen passend f\u00fcr ihren Kanister zu (einfach die Kanistertiefe abmessen und den durchsichtigen Schlauch zuschneiden).<\/div>\n<\/div>\n","protected":false},"excerpt":{"rendered":"<p>Kanisterpumpe passend f\u00fcr 5l und 10l Kanister. kinderleichtes Dosieren &#8211; 2 Pumpstosse f\u00fcr 1 Liter Wasser. Bitte schneiden sie das beigeliegende R\u00f6hrchen passend f\u00fcr ihren Kanister zu (einfach die Kanistertiefe abmessen und den durchsichtigen Schlauch zuschneiden).<\/p>\n","protected":false},"featured_media":219,"template":"","meta":[],"product_brand":[],"product_cat":[82,117],"product_tag":[],"class_list":{"0":"post-218","1":"product","2":"type-product","3":"status-publish","4":"has-post-thumbnail","6":"product_cat-special-one","7":"product_cat-accessoires-special-one","9":"first","10":"instock","11":"taxable","12":"shipping-taxable","13":"purchasable","14":"product-type-simple"},"_links":{"self":[{"href":"https:\/\/www.planetpoodle.de\/shop\/wp-json\/wp\/v2\/product\/218","targetHints":{"allow":["GET"]}}],"collection":[{"href":"https:\/\/www.planetpoodle.de\/shop\/wp-json\/wp\/v2\/product"}],"about":[{"href":"https:\/\/www.planetpoodle.de\/shop\/wp-json\/wp\/v2\/types\/product"}],"wp:featuredmedia":[{"embeddable":true,"href":"https:\/\/www.planetpoodle.de\/shop\/wp-json\/wp\/v2\/media\/219"}],"wp:attachment":[{"href":"https:\/\/www.planetpoodle.de\/shop\/wp-json\/wp\/v2\/media?parent=218"}],"wp:term":[{"taxonomy":"product_brand","embeddable":true,"href":"https:\/\/www.planetpoodle.de\/shop\/wp-json\/wp\/v2\/product_brand?post=218"},{"taxonomy":"product_cat","embeddable":true,"href":"https:\/\/www.planetpoodle.de\/shop\/wp-json\/wp\/v2\/product_cat?post=218"},{"taxonomy":"product_tag","embeddable":true,"href":"https:\/\/www.planetpoodle.de\/shop\/wp-json\/wp\/v2\/product_tag?post=218"}],"curies":[{"name":"wp","href":"https:\/\/api.w.org\/{rel}","templated":true}]}}