{"id":207,"date":"2022-11-13T12:40:53","date_gmt":"2022-11-13T11:40:53","guid":{"rendered":"https:\/\/www.planetpoodle.de\/shop\/?post_type=product&#038;p=207"},"modified":"2025-01-05T21:23:41","modified_gmt":"2025-01-05T20:23:41","slug":"pudel-grooming-kamm-by-planet-poodle","status":"publish","type":"product","link":"https:\/\/www.planetpoodle.de\/shop\/product\/pudel-grooming-kamm-by-planet-poodle\/","title":{"rendered":"PUDEL GROOMING KAMM by Planet Poodle"},"content":{"rendered":"<div class=\"std\">\n<div>Sehr gute, von uns getestete Qualit\u00e4t.<\/div>\n<div><\/div>\n<div>Unterschied zu den anderen vergleichbaren K\u00e4mmen:<\/div>\n<div>&#8211; keine Zahnverengung an eine Seite. Mann kann sehr bequem von allen Seiten damit arbeiten.<\/div>\n<div>&#8211; Lange Z\u00e4hne, 3,5 cm<\/div>\n<div>&#8211; Die Z\u00e4hne sind d\u00fcnn und relativ scharf, damit kommen sie sehr gut durch jedes Fell.<\/div>\n<div>&#8211; Kamml\u00e4nge (Z\u00e4hne) 24 cm<\/div>\n<div>&#8211; Breiter, bequemer Steg, zum Halten<\/div>\n<div><\/div>\n<div>Farben: blau, rot, gr\u00fcn, fuchsia<\/div>\n<\/div>\n","protected":false},"excerpt":{"rendered":"<p>Sehr gute, von uns getestete Qualit\u00e4t. Unterschied zu den anderen vergleichbaren K\u00e4mmen: &#8211; keine Zahnverengung an eine Seite. Mann kann sehr bequem von allen Seiten damit arbeiten. &#8211; Lange Z\u00e4hne, 3,5 cm &#8211; Die Z\u00e4hne sind d\u00fcnn und relativ scharf, [&hellip;]<\/p>\n","protected":false},"featured_media":208,"template":"","meta":[],"product_brand":[],"product_cat":[115],"product_tag":[],"class_list":{"0":"post-207","1":"product","2":"type-product","3":"status-publish","4":"has-post-thumbnail","6":"product_cat-tools","8":"first","9":"outofstock","10":"taxable","11":"shipping-taxable","12":"purchasable","13":"product-type-variable"},"_links":{"self":[{"href":"https:\/\/www.planetpoodle.de\/shop\/wp-json\/wp\/v2\/product\/207","targetHints":{"allow":["GET"]}}],"collection":[{"href":"https:\/\/www.planetpoodle.de\/shop\/wp-json\/wp\/v2\/product"}],"about":[{"href":"https:\/\/www.planetpoodle.de\/shop\/wp-json\/wp\/v2\/types\/product"}],"wp:featuredmedia":[{"embeddable":true,"href":"https:\/\/www.planetpoodle.de\/shop\/wp-json\/wp\/v2\/media\/208"}],"wp:attachment":[{"href":"https:\/\/www.planetpoodle.de\/shop\/wp-json\/wp\/v2\/media?parent=207"}],"wp:term":[{"taxonomy":"product_brand","embeddable":true,"href":"https:\/\/www.planetpoodle.de\/shop\/wp-json\/wp\/v2\/product_brand?post=207"},{"taxonomy":"product_cat","embeddable":true,"href":"https:\/\/www.planetpoodle.de\/shop\/wp-json\/wp\/v2\/product_cat?post=207"},{"taxonomy":"product_tag","embeddable":true,"href":"https:\/\/www.planetpoodle.de\/shop\/wp-json\/wp\/v2\/product_tag?post=207"}],"curies":[{"name":"wp","href":"https:\/\/api.w.org\/{rel}","templated":true}]}}