{"id":200,"date":"2022-11-13T12:35:34","date_gmt":"2022-11-13T11:35:34","guid":{"rendered":"https:\/\/www.planetpoodle.de\/shop\/?post_type=product&#038;p=200"},"modified":"2026-03-22T15:40:32","modified_gmt":"2026-03-22T14:40:32","slug":"super-elastische-haargummis-fuer-hunde","status":"publish","type":"product","link":"https:\/\/www.planetpoodle.de\/shop\/product\/super-elastische-haargummis-fuer-hunde\/","title":{"rendered":"SUPER ELASTISCHE HAARGUMMIS F\u00dcR HUNDE"},"content":{"rendered":"<div class=\"std\">\n<p>Super elastische Haargummis f\u00fcr Hunde<\/p>\n<p>Durchmesser ca. 2 cm<\/p>\n<p>&#8211; Die Gummis sind sehr elastisch und weich (siehe Bilder!), absolut rei\u00dffest und k\u00f6nnen mehrmals verwendet werden!<\/p>\n<p>&#8211; Prim\u00e4r als Papilottengummis gedacht, erwiesen sie sich als bestens geeignet f\u00fcr die direkte Anwendung auf den Hundehaaren (wir haben es ausgiebig getestet)! Durch ihre Dicke und Elastizit\u00e4t brechen die Haaren dabei nicht ab, wie es oft bei den d\u00fcnneren Gummis der Fall ist.<\/p>\n<p>&#8211; Ein weiteres Highlight ist \u2013 egal welches Mittel (\u00d6l, Conditioner) sie unter den Papilotten oder auf den Haaren anwenden \u2013 die Gummis platzen nicht auf (was bei anderen Gummis fast immer passiert, da diese por\u00f6s werden und aufplatzen)!<\/p>\n<p>&#8211; Der einzige Nachteil \u2013 es gibt die Gummis nur in dieser Farbe!<\/p>\n<p>Alle Tester waren bis jetzt Mega begeistert, so wie wir!<\/p>\n<p>Inhalt: ca 150g<\/p>\n<\/div>\n","protected":false},"excerpt":{"rendered":"<p>Super elastische Haargummis f\u00fcr Hunde Durchmesser ca. 2 cm &#8211; Die Gummis sind sehr elastisch und weich (siehe Bilder!), absolut rei\u00dffest und k\u00f6nnen mehrmals verwendet werden! &#8211; Prim\u00e4r als Papilottengummis gedacht, erwiesen sie sich als bestens geeignet f\u00fcr die direkte [&hellip;]<\/p>\n","protected":false},"featured_media":201,"template":"","meta":[],"product_brand":[],"product_cat":[117],"product_tag":[],"class_list":{"0":"post-200","1":"product","2":"type-product","3":"status-publish","4":"has-post-thumbnail","6":"product_cat-accessoires-special-one","8":"first","9":"instock","10":"taxable","11":"shipping-taxable","12":"purchasable","13":"product-type-simple"},"_links":{"self":[{"href":"https:\/\/www.planetpoodle.de\/shop\/wp-json\/wp\/v2\/product\/200","targetHints":{"allow":["GET"]}}],"collection":[{"href":"https:\/\/www.planetpoodle.de\/shop\/wp-json\/wp\/v2\/product"}],"about":[{"href":"https:\/\/www.planetpoodle.de\/shop\/wp-json\/wp\/v2\/types\/product"}],"wp:featuredmedia":[{"embeddable":true,"href":"https:\/\/www.planetpoodle.de\/shop\/wp-json\/wp\/v2\/media\/201"}],"wp:attachment":[{"href":"https:\/\/www.planetpoodle.de\/shop\/wp-json\/wp\/v2\/media?parent=200"}],"wp:term":[{"taxonomy":"product_brand","embeddable":true,"href":"https:\/\/www.planetpoodle.de\/shop\/wp-json\/wp\/v2\/product_brand?post=200"},{"taxonomy":"product_cat","embeddable":true,"href":"https:\/\/www.planetpoodle.de\/shop\/wp-json\/wp\/v2\/product_cat?post=200"},{"taxonomy":"product_tag","embeddable":true,"href":"https:\/\/www.planetpoodle.de\/shop\/wp-json\/wp\/v2\/product_tag?post=200"}],"curies":[{"name":"wp","href":"https:\/\/api.w.org\/{rel}","templated":true}]}}