{"id":191,"date":"2022-11-13T12:21:55","date_gmt":"2022-11-13T11:21:55","guid":{"rendered":"https:\/\/www.planetpoodle.de\/shop\/?post_type=product&#038;p=191"},"modified":"2026-02-15T13:15:54","modified_gmt":"2026-02-15T12:15:54","slug":"basic-essential-oil-mari-pintau","status":"publish","type":"product","link":"https:\/\/www.planetpoodle.de\/shop\/product\/basic-essential-oil-mari-pintau\/","title":{"rendered":"BASIC ESSENTIAL OIL  &#8211; MARI PINTAU"},"content":{"rendered":"<div class=\"std\">\n<p>MARI PINTAU &#8211; Mischung aus Sardinien<\/p>\n<p>Ideal f\u00fcr ger\u00f6tete und empfindliche Haut bei Hund und Katze.<\/p>\n<p>Dieses, vom malerischen Strand aus glatten Steinen, eigetaucht in das intensive Blau des Meeres der S\u00fcdk\u00fcste Sardiniens, inspirierte Wasch\u00f6l wirkt, dank der Eigenschaften von Wacholder und Kamille, \u00a0beruhigend auf die Epidermis und die Stimmung von Hunden und Katzen.<\/p>\n<p>Anwendung:<\/p>\n<p>Die Produkte von BASIC ESSENTIAL OIL pflegen Ihre Hunde und Welpen und schonen den Lipidfilm der Haut, ohne ihn zu reizen.<\/p>\n<p>Sie k\u00f6nnen als normaler Waschgang oder als Zusatz in den Shampoos und Masken der Expert Line Linie verwendet werden.<\/p>\n<p>Hei\u00dfes Wasser setzt das Parf\u00fcm frei und aktiviert die wohltuende Wirkung von \u00e4therischen \u00d6len, wodurch ein Gef\u00fchl von purem und authentischem Wohlbefinden entsteht (wie bei den alten Sch\u00f6nheitsritualen).<\/p>\n<p>Ein intensiver Duft von mit hei\u00dfem Wasser aktivierten \u00e4therischen \u00d6len ist nicht nur f\u00fcr das Tier, sondern auch f\u00fcr den Behandler, w\u00e4hrend der Behandlung in der Wanne, von Vorteil.<\/p>\n<p>Bitte achten sie darauf, dass das Wasch\u00f6l mit integrierten \u00e4therischen \u00d6len w\u00e4hrend der Behandlung nicht mit empfindliche Bereichen des Hundes (Augen, Schnauze) in Ber\u00fchrung kommen.<\/p>\n<p>F\u00fcr SPA Behandlungen kann es pur oder verd\u00fcnnt angewendet werden.<\/p>\n<p>Inhalt: 0,5l Flasche<\/p>\n<\/div>\n","protected":false},"excerpt":{"rendered":"<p>MARI PINTAU &#8211; Mischung aus Sardinien Ideal f\u00fcr ger\u00f6tete und empfindliche Haut bei Hund und Katze. Dieses, vom malerischen Strand aus glatten Steinen, eigetaucht in das intensive Blau des Meeres der S\u00fcdk\u00fcste Sardiniens, inspirierte Wasch\u00f6l wirkt, dank der Eigenschaften von [&hellip;]<\/p>\n","protected":false},"featured_media":192,"template":"","meta":[],"product_brand":[],"product_cat":[82,110],"product_tag":[],"class_list":{"0":"post-191","1":"product","2":"type-product","3":"status-publish","4":"has-post-thumbnail","6":"product_cat-special-one","7":"product_cat-basic-essential-oil","9":"first","10":"instock","11":"taxable","12":"shipping-taxable","13":"purchasable","14":"product-type-simple"},"_links":{"self":[{"href":"https:\/\/www.planetpoodle.de\/shop\/wp-json\/wp\/v2\/product\/191","targetHints":{"allow":["GET"]}}],"collection":[{"href":"https:\/\/www.planetpoodle.de\/shop\/wp-json\/wp\/v2\/product"}],"about":[{"href":"https:\/\/www.planetpoodle.de\/shop\/wp-json\/wp\/v2\/types\/product"}],"wp:featuredmedia":[{"embeddable":true,"href":"https:\/\/www.planetpoodle.de\/shop\/wp-json\/wp\/v2\/media\/192"}],"wp:attachment":[{"href":"https:\/\/www.planetpoodle.de\/shop\/wp-json\/wp\/v2\/media?parent=191"}],"wp:term":[{"taxonomy":"product_brand","embeddable":true,"href":"https:\/\/www.planetpoodle.de\/shop\/wp-json\/wp\/v2\/product_brand?post=191"},{"taxonomy":"product_cat","embeddable":true,"href":"https:\/\/www.planetpoodle.de\/shop\/wp-json\/wp\/v2\/product_cat?post=191"},{"taxonomy":"product_tag","embeddable":true,"href":"https:\/\/www.planetpoodle.de\/shop\/wp-json\/wp\/v2\/product_tag?post=191"}],"curies":[{"name":"wp","href":"https:\/\/api.w.org\/{rel}","templated":true}]}}