{"id":186,"date":"2022-11-12T23:48:17","date_gmt":"2022-11-12T22:48:17","guid":{"rendered":"https:\/\/www.planetpoodle.de\/shop\/?post_type=product&#038;p=186"},"modified":"2026-03-26T21:14:49","modified_gmt":"2026-03-26T20:14:49","slug":"special-rinse-spray","status":"publish","type":"product","link":"https:\/\/www.planetpoodle.de\/shop\/product\/special-rinse-spray\/","title":{"rendered":"SPECIAL RINSE SPRAY"},"content":{"rendered":"<p>SPECIAL RINSE ist eine Waschlotion ohne Aussp\u00fclen, die speziell f\u00fcr die Reinigung von trockenem Fell, ohne dieses zu strapazieren, entwickelt wurde. Sie hat eine gute Reinigungswirkung auf verschmutztem Fell spendet Feuchtigkeit und gibt Glanz.<\/p>\n<p>Special Rinse ist ideal f\u00fcr die Reinigung von verschmutzten Bereichen und die Vorbereitung des Haarkleides f\u00fcr eine Ausstellung, wenn keine M\u00f6glichkeit besteht, den Hund zu waschen. Die mit Pflegestoffen angereicherte Formel hilft, das Aussehen des Fells zu verbessern. Empfohlen f\u00fcr Hunde aller Rassen. Enth\u00e4lt keine sch\u00e4dlichen chemischen Elemente f\u00fcr die Haare und die Haut des Tieres. Besonders gut geeignet f\u00fcr Verschmutzungen organischen Ursprungs: Blut, Kot, Urin u.a. Absolut empfehlenswert f\u00fcr alle Hundebesitzer, die viel unterwegs sind oder Ausstellungen besuchen. Es kommt immer wieder vor, dass sich ein frisch gewaschener Hund sich wieder verschmutzt und keine M\u00f6glichkeit den Hund zu waschen besteht. Dann ist SPECIAL RINSE Ihre einzige Rettung!<\/p>\n<p>Enth\u00e4lt:<\/p>\n<p>Pflegende und feuchtigkeitsspendende Wirkstoffe, die die Sch\u00f6nheit und den Glanz des Haarkleides sowie ein angenehmes Aroma, zur\u00fcckgeben. Es enth\u00e4lt nat\u00fcrliches blaues Pigment f\u00fcr die Reinigung von gelben Bereichen in wei\u00dfem Fell (z.B. Urin).<\/p>\n<p>Anwendung:<\/p>\n<p>Auf den verschmutzten Bereich des Haares auftragen, kurz einwirken lassen, mit einem Handtuch trocken rubbeln, danach k\u00e4mmen und trocknen.<\/p>\n","protected":false},"excerpt":{"rendered":"<p>SPECIAL RINSE ist eine Waschlotion ohne Aussp\u00fclen, die speziell f\u00fcr die Reinigung von trockenem Fell, ohne dieses zu strapazieren, entwickelt wurde. Sie hat eine gute Reinigungswirkung auf verschmutztem Fell spendet Feuchtigkeit und gibt Glanz. Special Rinse ist ideal f\u00fcr die [&hellip;]<\/p>\n","protected":false},"featured_media":3587,"template":"","meta":[],"product_brand":[],"product_cat":[82,281,291],"product_tag":[],"class_list":{"0":"post-186","1":"product","2":"type-product","3":"status-publish","4":"has-post-thumbnail","6":"product_cat-special-one","7":"product_cat-styling-care-specials","8":"product_cat-care","10":"first","11":"instock","12":"taxable","13":"shipping-taxable","14":"purchasable","15":"product-type-variable"},"_links":{"self":[{"href":"https:\/\/www.planetpoodle.de\/shop\/wp-json\/wp\/v2\/product\/186","targetHints":{"allow":["GET"]}}],"collection":[{"href":"https:\/\/www.planetpoodle.de\/shop\/wp-json\/wp\/v2\/product"}],"about":[{"href":"https:\/\/www.planetpoodle.de\/shop\/wp-json\/wp\/v2\/types\/product"}],"wp:featuredmedia":[{"embeddable":true,"href":"https:\/\/www.planetpoodle.de\/shop\/wp-json\/wp\/v2\/media\/3587"}],"wp:attachment":[{"href":"https:\/\/www.planetpoodle.de\/shop\/wp-json\/wp\/v2\/media?parent=186"}],"wp:term":[{"taxonomy":"product_brand","embeddable":true,"href":"https:\/\/www.planetpoodle.de\/shop\/wp-json\/wp\/v2\/product_brand?post=186"},{"taxonomy":"product_cat","embeddable":true,"href":"https:\/\/www.planetpoodle.de\/shop\/wp-json\/wp\/v2\/product_cat?post=186"},{"taxonomy":"product_tag","embeddable":true,"href":"https:\/\/www.planetpoodle.de\/shop\/wp-json\/wp\/v2\/product_tag?post=186"}],"curies":[{"name":"wp","href":"https:\/\/api.w.org\/{rel}","templated":true}]}}