{"id":182,"date":"2022-11-12T23:44:52","date_gmt":"2022-11-12T22:44:52","guid":{"rendered":"https:\/\/www.planetpoodle.de\/shop\/?post_type=product&#038;p=182"},"modified":"2026-04-26T09:35:00","modified_gmt":"2026-04-26T07:35:00","slug":"shampoo-aquarosa-pro","status":"publish","type":"product","link":"https:\/\/www.planetpoodle.de\/shop\/product\/shampoo-aquarosa-pro\/","title":{"rendered":"SHAMPOO AQUAROSA"},"content":{"rendered":"<p>AQUA ROSA PRO ist ein revitalisierendes Shampoo f\u00fcr empfindliche und dehydrierte Haare und Haut.<\/p>\n<p align=\"left\">Aquarosa Pro ist ein revitalisierendes hochkonzentriertes Multivitamin-Shampoo f\u00fcr Tiere, Es wurde entwickelt, um empfindliche Haut sowie trockene und borstige Haare zu reinigen. Seine s\u00fc\u00dfe Formel, reich an Vitaminen und nat\u00fcrlichen Aminos\u00e4uren, macht das Fell sehr weich und gl\u00e4nzend; es erlaubt h\u00e4ufigen Gebrauch, ohne das empfindliche Gleichgewicht der Haut und die Struktur des Fells zu besch\u00e4digen.<\/p>\n<p align=\"left\">Zusammensetzung:<br \/>\n&#8211; Aquarosa Pro ist mit Extrakten aus Hagebutten- und Malvenbl\u00fcten angereichert, die f\u00fcr ihre entz\u00fcndungshemmenden und feuchtigkeitsspendenden Eigenschaften bekannt sind.<\/p>\n<p align=\"left\">&#8211; Vitamin C und Flavonoide stimulieren die Kollagensynthese &#8211; ein wichtiges Hautprotein, das dem Alterungsprozess entgegenwirkt.<\/p>\n<p align=\"left\">&#8211; Die Anwesenheit von Chlorella Vulgaris, einer Meeresalge, welche essentielle Aminos\u00e4uren in einer h\u00f6chst bioverf\u00fcgbaren Form sowie Vitamin B12 und Beta-Carotin enth\u00e4lt, die die Haut mit Feuchtigkeit versorgen, stellt die Neutralisierung von Umweltgiften und Schwermetallen sicher.<\/p>\n<p align=\"left\">&#8211; Meerwasser, reich an Mineralien Kalium und Magnesium, wirkt zudem stark reinigend auf die Haut des Tieres.<\/p>\n<p>Anwendungsempfehlung:<br \/>\nAquarosa Pro ist ein sehr konzentriertes Shampoo, das f\u00fcr alle Arten von Hund oder Katze geeignet ist. Pur oder verd\u00fcnnt mit Wasser anwendbar. F\u00fcr eine milde Reinigung mischen Sie einen Teil des Produkts mit 20 Teilen Wasser. Um ein optimales Ergebnis zu erzielen, tragen Sie die L\u00f6sung auf das zuvor mit der Bio Energy Plus-Vorbadmaske behandelte Haar auf und massieren Sie sie sanft, bis Sie eine weiche, weichmachende Creme erhalten. Sp\u00fclen und wiederholen Sie den Vorgang ein zweites Mal oder fahren Sie mit einem anderen Shampoo fort.<\/p>\n<p align=\"left\">Aquarosa Pro kann mit Hygro Fluid oder 4 Elements \u00d6l angereichert werden.<\/p>\n","protected":false},"excerpt":{"rendered":"<p>AQUA ROSA PRO ist ein revitalisierendes Shampoo f\u00fcr empfindliche und dehydrierte Haare und Haut. Aquarosa Pro ist ein revitalisierendes hochkonzentriertes Multivitamin-Shampoo f\u00fcr Tiere, Es wurde entwickelt, um empfindliche Haut sowie trockene und borstige Haare zu reinigen. Seine s\u00fc\u00dfe Formel, reich [&hellip;]<\/p>\n","protected":false},"featured_media":3552,"template":"","meta":[],"product_brand":[],"product_cat":[82,278,288],"product_tag":[274],"class_list":{"0":"post-182","1":"product","2":"type-product","3":"status-publish","4":"has-post-thumbnail","6":"product_cat-special-one","7":"product_cat-shampoo","8":"product_cat-aqualine-shampoos","9":"product_tag-aqua-line","11":"first","12":"instock","13":"taxable","14":"shipping-taxable","15":"purchasable","16":"product-type-variable"},"_links":{"self":[{"href":"https:\/\/www.planetpoodle.de\/shop\/wp-json\/wp\/v2\/product\/182","targetHints":{"allow":["GET"]}}],"collection":[{"href":"https:\/\/www.planetpoodle.de\/shop\/wp-json\/wp\/v2\/product"}],"about":[{"href":"https:\/\/www.planetpoodle.de\/shop\/wp-json\/wp\/v2\/types\/product"}],"wp:featuredmedia":[{"embeddable":true,"href":"https:\/\/www.planetpoodle.de\/shop\/wp-json\/wp\/v2\/media\/3552"}],"wp:attachment":[{"href":"https:\/\/www.planetpoodle.de\/shop\/wp-json\/wp\/v2\/media?parent=182"}],"wp:term":[{"taxonomy":"product_brand","embeddable":true,"href":"https:\/\/www.planetpoodle.de\/shop\/wp-json\/wp\/v2\/product_brand?post=182"},{"taxonomy":"product_cat","embeddable":true,"href":"https:\/\/www.planetpoodle.de\/shop\/wp-json\/wp\/v2\/product_cat?post=182"},{"taxonomy":"product_tag","embeddable":true,"href":"https:\/\/www.planetpoodle.de\/shop\/wp-json\/wp\/v2\/product_tag?post=182"}],"curies":[{"name":"wp","href":"https:\/\/api.w.org\/{rel}","templated":true}]}}