{"id":177,"date":"2022-11-12T23:41:04","date_gmt":"2022-11-12T22:41:04","guid":{"rendered":"https:\/\/www.planetpoodle.de\/shop\/?post_type=product&#038;p=177"},"modified":"2026-04-27T02:20:45","modified_gmt":"2026-04-27T00:20:45","slug":"shampoo-aquarosa-passion-pro","status":"publish","type":"product","link":"https:\/\/www.planetpoodle.de\/shop\/product\/shampoo-aquarosa-passion-pro\/","title":{"rendered":"SHAMPOO AQUAROSA PASSION PRO"},"content":{"rendered":"<p>Revitalisierende Behandlung f\u00fcr br\u00fcchiges und dehydriertes Fell, enth\u00e4lt schillernde Perlen<\/p>\n<p>F\u00fcr echte Aquarosa Pro-Enthusiasten ist Aquarosa Passion Pro wie gemacht.<\/p>\n<p>Die neue Formel dieses Multivitamin-Shampoos wird Sie mit seiner reichhaltigen und seidigen Creme sowie mit seinem einh\u00fcllenden, zarten Duft \u00fcberraschen. Die im Shampoo enthaltenen schillernden Perlen, mit hellen Effekten und Neonreflexionen, verleihen dem Fell des Hundes eine unglaubliche Weichheit und machen die Spa-Behandlung zu einer echten Wohltat.<\/p>\n<p>Aquarosa Passion Pro ist mit Hagebutten- und Malvenextrakten angereichert, die f\u00fcr ihre entz\u00fcndungshemmenden und feuchtigkeitsspendenden Eigenschaften bekannt sind. Vitamin C und Flavonoide, die die Kollagensynthese stimulieren. Das Vorhandensein von Chlorella Vulgaris, einer Meeresalge, die essentielle Aminos\u00e4uren in hoch bioverf\u00fcgbarer Form sowie Vitamin B12 und Beta-Carotin enth\u00e4lt, die die Haut mit Feuchtigkeit versorgen, gew\u00e4hrleistet die Neutralisierung von Umweltgiften und Schwermetallen. Dar\u00fcber hinaus wirkt Meerwasser, das reich an Kalium- und Magnesiummineralien ist, stark reinigend auf die Haut des Tieres.<\/p>\n<p>Aquarosa Passion Pro ist ein sehr konzentriertes Shampoo, das f\u00fcr alle Arten von Hunde- oder Katzenfellen verwendet werden kann, rein oder mit Wasser verd\u00fcnnt. F\u00fcr eine sanfte Reinigung mischen Sie einen Teil des Produkts mit 20 Teilen Wasser. Um ein optimales Ergebnis zu erzielen, tragen Sie die L\u00f6sung auf das zuvor mit einer Bio-Energy-Maske behandelte Fell auf und massieren Sie es sanft, bis Sie eine weiche, erweichende Creme erhalten. Sp\u00fclen und wiederholen Sie den Vorgang ein zweites Mal oder fahren Sie mit einem anderen Shampoo fort.<\/p>\n","protected":false},"excerpt":{"rendered":"<p>Revitalisierende Behandlung f\u00fcr br\u00fcchiges und dehydriertes Fell, enth\u00e4lt schillernde Perlen F\u00fcr echte Aquarosa Pro-Enthusiasten ist Aquarosa Passion Pro wie gemacht. Die neue Formel dieses Multivitamin-Shampoos wird Sie mit seiner reichhaltigen und seidigen Creme sowie mit seinem einh\u00fcllenden, zarten Duft \u00fcberraschen. [&hellip;]<\/p>\n","protected":false},"featured_media":3551,"template":"","meta":[],"product_brand":[],"product_cat":[82,278,288],"product_tag":[],"class_list":{"0":"post-177","1":"product","2":"type-product","3":"status-publish","4":"has-post-thumbnail","6":"product_cat-special-one","7":"product_cat-shampoo","8":"product_cat-aqualine-shampoos","10":"first","11":"outofstock","12":"taxable","13":"shipping-taxable","14":"purchasable","15":"product-type-variable"},"_links":{"self":[{"href":"https:\/\/www.planetpoodle.de\/shop\/wp-json\/wp\/v2\/product\/177","targetHints":{"allow":["GET"]}}],"collection":[{"href":"https:\/\/www.planetpoodle.de\/shop\/wp-json\/wp\/v2\/product"}],"about":[{"href":"https:\/\/www.planetpoodle.de\/shop\/wp-json\/wp\/v2\/types\/product"}],"wp:featuredmedia":[{"embeddable":true,"href":"https:\/\/www.planetpoodle.de\/shop\/wp-json\/wp\/v2\/media\/3551"}],"wp:attachment":[{"href":"https:\/\/www.planetpoodle.de\/shop\/wp-json\/wp\/v2\/media?parent=177"}],"wp:term":[{"taxonomy":"product_brand","embeddable":true,"href":"https:\/\/www.planetpoodle.de\/shop\/wp-json\/wp\/v2\/product_brand?post=177"},{"taxonomy":"product_cat","embeddable":true,"href":"https:\/\/www.planetpoodle.de\/shop\/wp-json\/wp\/v2\/product_cat?post=177"},{"taxonomy":"product_tag","embeddable":true,"href":"https:\/\/www.planetpoodle.de\/shop\/wp-json\/wp\/v2\/product_tag?post=177"}],"curies":[{"name":"wp","href":"https:\/\/api.w.org\/{rel}","templated":true}]}}