{"id":165,"date":"2022-11-12T23:28:07","date_gmt":"2022-11-12T22:28:07","guid":{"rendered":"https:\/\/www.planetpoodle.de\/shop\/?post_type=product&#038;p=165"},"modified":"2025-10-09T15:24:44","modified_gmt":"2025-10-09T13:24:44","slug":"shampoo-aqua-terme-pro","status":"publish","type":"product","link":"https:\/\/www.planetpoodle.de\/shop\/product\/shampoo-aqua-terme-pro\/","title":{"rendered":"SHAMPOO AQUA TERME PRO"},"content":{"rendered":"<ul class=\"product-tabs\">\n<li id=\"product_tabs_description\" class=\" active first\"><a>Artikelbeschreibung<\/a><\/li>\n<li id=\"product_tabs_additional\" class=\"\"><a>Zusatzinformation<\/a><\/li>\n<li id=\"product_tabs_product.tags\" class=\"last\"><a>Artikelschlagworte<\/a><\/li>\n<\/ul>\n<div id=\"product_tabs_description_contents\" class=\"product-tabs-content\">\n<div class=\"std\">\n<p lang=\"en-US\"><strong>Aqua Terme Pro<\/strong> ist ein professionelles Schampoo.<\/p>\n<p lang=\"en-US\">Es ist besonders gut f\u00fcr \u00e4ltere Hunde, Hunde mit zarter und empfindlicher Haut und Tendenzen zum Schuppen, schlechtem Geruch, \u00f6liger oder trockener Haut geeignet.<\/p>\n<p lang=\"en-US\">Dank dem gr\u00fcnen Ton, welcher f\u00fcr seine reinigende Wirkung bekannt ist, s\u00e4ubert und reinigt Aqua Terme Pro bis tief in die Haut. In Kombination mit Minzextrakt ist es eine wahre Erholung f\u00fcr die ausgetrocknete Haut und verleiht einem stumpfen und leblosen Haar Weichheit, Frische und Duft.<\/p>\n<p>Inhalt: Aqua Terme Pro ist reich an gr\u00fcnem Ton, welcher besonders f\u00fcr empfindliche Haut geeignet ist.<\/p>\n<p lang=\"en-US\" align=\"left\">Dank der enthaltenen Mineralstoffe wie Kiesels\u00e4ure, Eisen, Kalzium, Magnesium und Kalium besitzt es eine starke Mineralisierungskraft und ist hygienisch, saugf\u00e4hig und entgiftend.<\/p>\n<p lang=\"en-US\" align=\"left\">Au\u00dferdem enth\u00e4lt es erholsames und erfrischendes Minzextrakt und Balsamico.<\/p>\n<p lang=\"en-US\">Dank des sehr angenehmen erfrischenden Minzegeruchs, ist dieses Shampoo eine wahre Aromatherapie, nicht nur f\u00fcr den Hund sondern auch f\u00fcr den Groomer!<\/p>\n<p><span lang=\"en-US\">Anwendungsempfehlung:<\/span><span lang=\"en-US\"><br \/>\n<\/span><\/p>\n<p><span lang=\"en-US\">Nach <\/span><span lang=\"en-US\">de<\/span><span lang=\"en-US\">r<\/span> <span lang=\"en-US\">Behandlung mit reiner oder verd\u00fcnnte<\/span><span lang=\"en-US\">r<\/span> GREEN CLAY DETOX THERAPY (Vorbadmaske) anwenden. Sanft einmassieren. Wiederholen Sie den Vorgang ggf. ein zweites Mal. Unverd\u00fcnnt oder 30-50 ml auf 1 Liter Wasser zu verwenden.<\/p>\n<p lang=\"en-US\"><em>***Achtung! Das Shampoo ist f\u00fcr wei\u00dfes, por\u00f6ses Fell nicht geeignet (z.B. Pudel, Bichon) Durch den hohen Anteil von gr\u00fcnem Ton kann das Fell eine gelbliche Farbe annehmen. Was wiederum bei gelb (apricot) farbende Hunden genutzt werden kann, um die Fellfarbe auf nat\u00fcrliche weise zu verst\u00e4rken<strong>.<\/strong> <\/em><\/p>\n<p align=\"left\">Erh\u00e4ltlich im 5 L Kanister f\u00fcr die professionelle Arbeit im Salon im Rahmen von SPA Anwendungen!<\/p>\n<p align=\"left\">Eine optimale Wirkung und SPA-Effekt erreichen sie mit beiden, auf einander abgestimmten Produkten:<\/p>\n<p align=\"left\"><span lang=\"en-US\">GREEN CLAY DETOX THERAPY <\/span><span lang=\"en-US\">(Pre Maske)<\/span><\/p>\n<p align=\"left\"><span lang=\"en-US\">AQUA TERME PRO <\/span><span lang=\"en-US\">(Shampoo)<\/span><\/p>\n<\/div>\n<\/div>\n","protected":false},"excerpt":{"rendered":"<p>Artikelbeschreibung Zusatzinformation Artikelschlagworte Aqua Terme Pro ist ein professionelles Schampoo. Es ist besonders gut f\u00fcr \u00e4ltere Hunde, Hunde mit zarter und empfindlicher Haut und Tendenzen zum Schuppen, schlechtem Geruch, \u00f6liger oder trockener Haut geeignet. Dank dem gr\u00fcnen Ton, welcher f\u00fcr [&hellip;]<\/p>\n","protected":false},"featured_media":3554,"template":"","meta":[],"product_brand":[],"product_cat":[82,278,289],"product_tag":[],"class_list":{"0":"post-165","1":"product","2":"type-product","3":"status-publish","4":"has-post-thumbnail","6":"product_cat-special-one","7":"product_cat-shampoo","8":"product_cat-spezialshampoo","10":"first","11":"instock","12":"taxable","13":"shipping-taxable","14":"purchasable","15":"product-type-variable"},"_links":{"self":[{"href":"https:\/\/www.planetpoodle.de\/shop\/wp-json\/wp\/v2\/product\/165","targetHints":{"allow":["GET"]}}],"collection":[{"href":"https:\/\/www.planetpoodle.de\/shop\/wp-json\/wp\/v2\/product"}],"about":[{"href":"https:\/\/www.planetpoodle.de\/shop\/wp-json\/wp\/v2\/types\/product"}],"wp:featuredmedia":[{"embeddable":true,"href":"https:\/\/www.planetpoodle.de\/shop\/wp-json\/wp\/v2\/media\/3554"}],"wp:attachment":[{"href":"https:\/\/www.planetpoodle.de\/shop\/wp-json\/wp\/v2\/media?parent=165"}],"wp:term":[{"taxonomy":"product_brand","embeddable":true,"href":"https:\/\/www.planetpoodle.de\/shop\/wp-json\/wp\/v2\/product_brand?post=165"},{"taxonomy":"product_cat","embeddable":true,"href":"https:\/\/www.planetpoodle.de\/shop\/wp-json\/wp\/v2\/product_cat?post=165"},{"taxonomy":"product_tag","embeddable":true,"href":"https:\/\/www.planetpoodle.de\/shop\/wp-json\/wp\/v2\/product_tag?post=165"}],"curies":[{"name":"wp","href":"https:\/\/api.w.org\/{rel}","templated":true}]}}