{"id":158,"date":"2022-11-12T23:19:08","date_gmt":"2022-11-12T22:19:08","guid":{"rendered":"https:\/\/www.planetpoodle.de\/shop\/?post_type=product&#038;p=158"},"modified":"2026-04-27T15:00:12","modified_gmt":"2026-04-27T13:00:12","slug":"aqua-oto-ohrreiniger","status":"publish","type":"product","link":"https:\/\/www.planetpoodle.de\/shop\/product\/aqua-oto-ohrreiniger\/","title":{"rendered":"AQUA OTO OHRREINIGER"},"content":{"rendered":"<p>Das Ohr des Hundes ist eine sehr delikate und sensible Angelegenheit. Genau deswegen muss dieses exzellente Organ gesch\u00fctzt werden.<\/p>\n<p>Die \u00fcberm\u00e4\u00dfige Produktion von Ohrenschmalz und die begrenzte Bel\u00fcftung des Ohres kann bei bestimmten Rassen, wie z.B. Pudel, zu Verstopfungen f\u00fchren. F\u00fcr Bakterien und Hefen ist das ein idealer N\u00e4hrboden, der zu Infektionen des Geh\u00f6rganges (Otitis) f\u00fchren kann.<\/p>\n<p>Aqua Oto ist ein Produkt, das speziell f\u00fcr die Ohrreinigung entwickelt wurde, um der Vorstopfung oder einer Infektion vorzubeugen. Es ist eine innovative L\u00f6sung auf pflanzlicher Basis, die Polysorbate und nichtionische Tenside enth\u00e4lt. Diese Extraktionsmethode ist in der Pharma-, Kosmetik- und Lebensmittelherstellung weit verbreitet. Durch das hohe L\u00f6sungsverm\u00f6gen, ist es m\u00f6glich, schonend und effizient Ohrenschmalz und andere Verunreinigungen zu entfernen.<\/p>\n<p>Aqua Oto hat, durch die Kombination von Allantonin, Glykolextrakt der Kamille und Pfefferminze, eine beruhigende Wirkung. Durch die Anwendung kann man dank Extrakten aus Schafgarbe, Malve und Zitronenmelisse Juckreiz und R\u00f6tungen vorbeugen. Die Extrakte aus Zitrusfr\u00fcchten sorgen f\u00fcr einen milden und wohlriechenden Duft.<\/p>\n<p>F\u00fcr eine effektive Reinigung sollte das Produkt regelm\u00e4\u00dfig (z.B. beim Baden) angewendet werden. Dabei darauf achten, dass eventuell auslaufender Schmutz nicht mit dem Fell in Ber\u00fchrung kommt.<\/p>\n<p>Wenn die Haare \u00fcberm\u00e4\u00dfig in den Geh\u00f6rgang der Ohren wachsen (wie z.B. beim Pudel) ist es ratsam, diese vorher zu entfernen.<\/p>\n<p>Halten Sie den Kopf des Hundes an der Seite des zu reinigen Ohres fest \u2013 schwenken sie den Kopf nach unten \u2013 heben sie das Ohr so, dass es eine vertikale Position einnimmt und geben sie das Aqua Oto in den Geh\u00f6rgang.<\/p>\n<p>Mit einem weichen Tuch (benutzen sie niemals Wattest\u00e4bchen!), betr\u00e4ufelt mit Aqua Oto, massieren sie f\u00fcr einige Minuten. Wiederholen Sie diesen Vorgang wenn n\u00f6tig.<\/p>\n<p>Wird Aqua Oto gleichzeitig mit Arzneimitteln verwendet, vermischt sich die Zusammensetzung \u00e4hnlich wie Wasser, die Wirkung wird durch das nat\u00fcrliche Sch\u00fctteln des Hundes verst\u00e4rkt.<\/p>\n<p>Enth\u00e4lt: Allantonin, Glykolextrakt von Kamille, Pfefferminze, Schafgarbe, Malve, Melisse.<\/p>\n<p><iframe loading=\"lazy\" title=\"Come pulire le orecchie dei cani:Special One - Aqua Oto\" width=\"1060\" height=\"596\" src=\"https:\/\/www.youtube.com\/embed\/qtJNjyyC83A?feature=oembed\" frameborder=\"0\" allow=\"accelerometer; autoplay; clipboard-write; encrypted-media; gyroscope; picture-in-picture; web-share\" allowfullscreen><\/iframe><\/p>\n","protected":false},"excerpt":{"rendered":"<p>Das Ohr des Hundes ist eine sehr delikate und sensible Angelegenheit. Genau deswegen muss dieses exzellente Organ gesch\u00fctzt werden. Die \u00fcberm\u00e4\u00dfige Produktion von Ohrenschmalz und die begrenzte Bel\u00fcftung des Ohres kann bei bestimmten Rassen, wie z.B. Pudel, zu Verstopfungen f\u00fchren. [&hellip;]<\/p>\n","protected":false},"featured_media":3601,"template":"","meta":[],"product_brand":[],"product_cat":[82,282,291],"product_tag":[],"class_list":{"0":"post-158","1":"product","2":"type-product","3":"status-publish","4":"has-post-thumbnail","6":"product_cat-special-one","7":"product_cat-special-care","8":"product_cat-care","10":"first","11":"instock","12":"taxable","13":"shipping-taxable","14":"purchasable","15":"product-type-variable"},"_links":{"self":[{"href":"https:\/\/www.planetpoodle.de\/shop\/wp-json\/wp\/v2\/product\/158","targetHints":{"allow":["GET"]}}],"collection":[{"href":"https:\/\/www.planetpoodle.de\/shop\/wp-json\/wp\/v2\/product"}],"about":[{"href":"https:\/\/www.planetpoodle.de\/shop\/wp-json\/wp\/v2\/types\/product"}],"wp:featuredmedia":[{"embeddable":true,"href":"https:\/\/www.planetpoodle.de\/shop\/wp-json\/wp\/v2\/media\/3601"}],"wp:attachment":[{"href":"https:\/\/www.planetpoodle.de\/shop\/wp-json\/wp\/v2\/media?parent=158"}],"wp:term":[{"taxonomy":"product_brand","embeddable":true,"href":"https:\/\/www.planetpoodle.de\/shop\/wp-json\/wp\/v2\/product_brand?post=158"},{"taxonomy":"product_cat","embeddable":true,"href":"https:\/\/www.planetpoodle.de\/shop\/wp-json\/wp\/v2\/product_cat?post=158"},{"taxonomy":"product_tag","embeddable":true,"href":"https:\/\/www.planetpoodle.de\/shop\/wp-json\/wp\/v2\/product_tag?post=158"}],"curies":[{"name":"wp","href":"https:\/\/api.w.org\/{rel}","templated":true}]}}