{"id":138,"date":"2022-11-12T22:40:22","date_gmt":"2022-11-12T21:40:22","guid":{"rendered":"https:\/\/www.planetpoodle.de\/shop\/?post_type=product&#038;p=138"},"modified":"2026-04-27T15:00:13","modified_gmt":"2026-04-27T13:00:13","slug":"style-360-spray","status":"publish","type":"product","link":"https:\/\/www.planetpoodle.de\/shop\/product\/style-360-spray\/","title":{"rendered":"STYLE 360 SPRAY"},"content":{"rendered":"<p><span title=\"Condizionatore spray strutturante e volumizzante per cani \">Struktureller und voluminisierender Spray-Conditioner f\u00fcr Hunde<\/span><\/p>\n<p><span title=\"Style 360 \u00e8 una lozione spray antistatica per uso professionale.\">Style 360 ist eine antistatische Spraylotion f\u00fcr den professionellen Einsatz. <\/span><\/p>\n<div><span title=\"Pu\u00f2 essere utilizzato a 360 gradi: ottimo sia in asciugatura che per il tocco finale, dona corposit\u00e0 e sostegno al pelo specialmente quando questo \u201csvolazza\u201d o \u00e8 di tessitura sottile.\">So kann Style 360 verwendet werden: <\/span><\/div>\n<div><span title=\"Pu\u00f2 essere utilizzato a 360 gradi: ottimo sia in asciugatura che per il tocco finale, dona corposit\u00e0 e sostegno al pelo specialmente quando questo \u201csvolazza\u201d o \u00e8 di tessitura sottile.\">&#8211; Ausgezeichnet beim Trocknen (f\u00f6hnen)\u00a0und auch f\u00fcr den letzten Schliff<\/span><\/div>\n<div><span title=\"Pu\u00f2 essere utilizzato a 360 gradi: ottimo sia in asciugatura che per il tocco finale, dona corposit\u00e0 e sostegno al pelo specialmente quando questo \u201csvolazza\u201d o \u00e8 di tessitura sottile.\">&#8211; Verleiht dem Haar F\u00fclle und Halt, besonders wenn es &#8222;fliegt&#8220; oder eine d\u00fcnne Textur hat. <\/span><\/div>\n<div><span title=\"Pu\u00f2 essere utilizzato a 360 gradi: ottimo sia in asciugatura che per il tocco finale, dona corposit\u00e0 e sostegno al pelo specialmente quando questo \u201csvolazza\u201d o \u00e8 di tessitura sottile.\">&#8211; <\/span><span title=\"Fantastico come pre-show o durante i tagli a forbice per dare volume e stabilizzare le tessiture. \">Fantastisch\u00a0f\u00fcr eine Pre-Show Haar Vorbereitung oder w\u00e4hrend\u00a0des Grooming, um\u00a0Volumen und Texturen zu stabilisieren.<br \/>\n<\/span><span title=\"Style 360 costruisce, modella e rifinisce tutti i tipi di tessiture con effetto luce naturale. \">Style 360 baut, modelliert und veredelt alle Arten von Texturen mit nat\u00fcrlichem Lichteffekt.<br \/>\n<\/span><\/div>\n<div><span title=\"COMPOSIZIONE \">Inhaltstoffe:<br \/>\n<\/span><span title=\"Style 360 contiene proteine della seta e del latte per nutrire il mantello;\">Style 360 enth\u00e4lt Seiden- und Milchproteine, um das Fell zu n\u00e4hren; <\/span><span title=\"olio di jojoba per far risaltare i colori naturali;\">Jojoba\u00f6l, um die nat\u00fcrlichen Farben hervorzubringen; <\/span><span title=\"Chlorella Vulgaris, un\u2019alga marina, che contiene aminoacidi essenziali in forma altamente biodisponibile;\">Chlorella Vulgaris, eine Seealge, d<\/span><span title=\"Chlorella Vulgaris, un\u2019alga marina, che contiene aminoacidi essenziali in forma altamente biodisponibile;\">ie\u00a0essentielle Aminos\u00e4uren in hoch bioverf\u00fcgbarer Form enth\u00e4lt; <\/span><\/div>\n<div>\n<p><span title=\"vitamina B12 e beta carotene che idratano la struttura del pelo. \">Vitamin B12 und Beta-Carotin, die die Struktur der Haare befeuchten.<\/span><\/p>\n<p><span title=\"CONSIGLI PER L\u2019USO \">Empfehlungen f\u00fcr den Einsatz<br \/>\n<\/span><span title=\"Style 360 \u00e8 pronto per l'uso.\">&#8211; Style 360 ist einsatzbereit. <\/span><\/p>\n<\/div>\n<div><span title=\"Style 360 \u00e8 pronto per l'uso.\">&#8211; <\/span><span title=\"Come trattamento nutriente e condizionante pu\u00f2 essere spruzzato sul manto dopo lo shampoo, massaggiato accuratamente e lasciato in posa alcuni istanti, mentre si pettina il pelo.\">Als pflegende Behandlung kann es nach dem Shampoonieren auf das Fell gespr\u00fcht werden, sorgf\u00e4ltig massiert und f\u00fcr einige Momente beim K\u00e4mmen der Haare drinnen\u00a0belassen werden. <\/span><\/div>\n<div><span title=\"Infine va risciacquato accuratamente.\">Schlie\u00dflich sollte es gr\u00fcndlich gesp\u00fclt werden. <\/span><\/div>\n<div><span title=\"Infine va risciacquato accuratamente.\">&#8211; <\/span><span title=\"Per rifinire i tagli a forbice o con la macchinetta, erogare il prodotto e definire le forme.\">Um die Scherenschnitte oder die Maschinenarbeit zu beenden,\u00a0spr\u00fchen\u00a0Sie das Produkt\u00a0auf das Fell\u00a0und definieren Sie die Formen. <\/span><\/div>\n<div><span title=\"Per condizionare i mantelli e le pettinature nebulizzare e modellare a piacere con spazzole e pettini.\">&#8211; Um die\u00a0Formen und Frisuren zu konditionieren, vernebeln und formen Sie sie wie gew\u00fcnscht mit B\u00fcrsten und K\u00e4mmen. <\/span><\/div>\n<div><span title=\"Per condizionare i mantelli e le pettinature nebulizzare e modellare a piacere con spazzole e pettini.\">&#8211; <\/span><span title=\"Consigliato anche in asciugatura come volumizzante.\">Auch\u00a0beim Trocknen als Voluminizing empfohlen.<\/span><\/div>\n","protected":false},"excerpt":{"rendered":"<p>Struktureller und voluminisierender Spray-Conditioner f\u00fcr Hunde Style 360 ist eine antistatische Spraylotion f\u00fcr den professionellen Einsatz. So kann Style 360 verwendet werden: &#8211; Ausgezeichnet beim Trocknen (f\u00f6hnen)\u00a0und auch f\u00fcr den letzten Schliff &#8211; Verleiht dem Haar F\u00fclle und Halt, besonders [&hellip;]<\/p>\n","protected":false},"featured_media":3591,"template":"","meta":[],"product_brand":[],"product_cat":[82,281,290],"product_tag":[],"class_list":{"0":"post-138","1":"product","2":"type-product","3":"status-publish","4":"has-post-thumbnail","6":"product_cat-special-one","7":"product_cat-styling-care-specials","8":"product_cat-styling","10":"first","11":"instock","12":"taxable","13":"shipping-taxable","14":"purchasable","15":"product-type-variable"},"_links":{"self":[{"href":"https:\/\/www.planetpoodle.de\/shop\/wp-json\/wp\/v2\/product\/138","targetHints":{"allow":["GET"]}}],"collection":[{"href":"https:\/\/www.planetpoodle.de\/shop\/wp-json\/wp\/v2\/product"}],"about":[{"href":"https:\/\/www.planetpoodle.de\/shop\/wp-json\/wp\/v2\/types\/product"}],"wp:featuredmedia":[{"embeddable":true,"href":"https:\/\/www.planetpoodle.de\/shop\/wp-json\/wp\/v2\/media\/3591"}],"wp:attachment":[{"href":"https:\/\/www.planetpoodle.de\/shop\/wp-json\/wp\/v2\/media?parent=138"}],"wp:term":[{"taxonomy":"product_brand","embeddable":true,"href":"https:\/\/www.planetpoodle.de\/shop\/wp-json\/wp\/v2\/product_brand?post=138"},{"taxonomy":"product_cat","embeddable":true,"href":"https:\/\/www.planetpoodle.de\/shop\/wp-json\/wp\/v2\/product_cat?post=138"},{"taxonomy":"product_tag","embeddable":true,"href":"https:\/\/www.planetpoodle.de\/shop\/wp-json\/wp\/v2\/product_tag?post=138"}],"curies":[{"name":"wp","href":"https:\/\/api.w.org\/{rel}","templated":true}]}}