{"id":134,"date":"2022-11-12T22:29:53","date_gmt":"2022-11-12T21:29:53","guid":{"rendered":"https:\/\/www.planetpoodle.de\/shop\/?post_type=product&#038;p=134"},"modified":"2025-01-05T21:46:48","modified_gmt":"2025-01-05T20:46:48","slug":"special-one-perfume-moonwater","status":"publish","type":"product","link":"https:\/\/www.planetpoodle.de\/shop\/product\/special-one-perfume-moonwater\/","title":{"rendered":"SPECIAL ONE PARFUM &#8222;MOONWATER&#8220;"},"content":{"rendered":"<div class=\"std\">\n<p>Parf\u00fcm \u201cMOONWATER\u201d f\u00fcr feinste Stimmungen.<\/p>\n<p>Wenn Ihr Hund auf dem roten Teppich l\u00e4uft oder die besonderen G\u00e4ste der Modewoche beneidet, hilft ihm Moonwater dabei, seinen unwiderstehlichen Stil noch weiter zu verbreiten!<\/p>\n<p>Ein Duft, der sich besonders f\u00fcr Windhunde, Golden Retriever und Setter eignet.<\/p>\n<p>Moonwater bringt eine raffinierte Kombination aus Wassermelone, Ylang Ylang und Magnolia. Die orientalischen, entschlossenen, sinnlichen und einh\u00fcllenden T\u00f6ne auf Basis von t\u00fcrkischer Rose weichen \u00e4gyptischer Geranie und Jasmin. Schlie\u00dflich bieten die Basisnoten eine erstaunliche Kombination aus der Kraft des wei\u00dfen Moschus, der Frische von Meeresnoten und einem leichten Gourmet-Touch von Heliotrop Flower.<\/p>\n<p>Inhalt: 50ml<\/p>\n<\/div>\n","protected":false},"excerpt":{"rendered":"<p>Parf\u00fcm \u201cMOONWATER\u201d f\u00fcr feinste Stimmungen. Wenn Ihr Hund auf dem roten Teppich l\u00e4uft oder die besonderen G\u00e4ste der Modewoche beneidet, hilft ihm Moonwater dabei, seinen unwiderstehlichen Stil noch weiter zu verbreiten! Ein Duft, der sich besonders f\u00fcr Windhunde, Golden Retriever [&hellip;]<\/p>\n","protected":false},"featured_media":135,"template":"","meta":[],"product_brand":[],"product_cat":[82,101,102],"product_tag":[],"class_list":{"0":"post-134","1":"product","2":"type-product","3":"status-publish","4":"has-post-thumbnail","6":"product_cat-special-one","7":"product_cat-parfum","8":"product_cat-geschenke","10":"first","11":"instock","12":"taxable","13":"shipping-taxable","14":"purchasable","15":"product-type-simple"},"_links":{"self":[{"href":"https:\/\/www.planetpoodle.de\/shop\/wp-json\/wp\/v2\/product\/134","targetHints":{"allow":["GET"]}}],"collection":[{"href":"https:\/\/www.planetpoodle.de\/shop\/wp-json\/wp\/v2\/product"}],"about":[{"href":"https:\/\/www.planetpoodle.de\/shop\/wp-json\/wp\/v2\/types\/product"}],"wp:featuredmedia":[{"embeddable":true,"href":"https:\/\/www.planetpoodle.de\/shop\/wp-json\/wp\/v2\/media\/135"}],"wp:attachment":[{"href":"https:\/\/www.planetpoodle.de\/shop\/wp-json\/wp\/v2\/media?parent=134"}],"wp:term":[{"taxonomy":"product_brand","embeddable":true,"href":"https:\/\/www.planetpoodle.de\/shop\/wp-json\/wp\/v2\/product_brand?post=134"},{"taxonomy":"product_cat","embeddable":true,"href":"https:\/\/www.planetpoodle.de\/shop\/wp-json\/wp\/v2\/product_cat?post=134"},{"taxonomy":"product_tag","embeddable":true,"href":"https:\/\/www.planetpoodle.de\/shop\/wp-json\/wp\/v2\/product_tag?post=134"}],"curies":[{"name":"wp","href":"https:\/\/api.w.org\/{rel}","templated":true}]}}