{"id":127,"date":"2022-11-12T22:21:01","date_gmt":"2022-11-12T21:21:01","guid":{"rendered":"https:\/\/www.planetpoodle.de\/shop\/?post_type=product&#038;p=127"},"modified":"2025-06-11T15:07:51","modified_gmt":"2025-06-11T13:07:51","slug":"special-one-le-bell-box","status":"publish","type":"product","link":"https:\/\/www.planetpoodle.de\/shop\/product\/special-one-le-bell-box\/","title":{"rendered":"SPECIAL ONE &#8222;LE BELL&#8220; BOX"},"content":{"rendered":"<div class=\"std\">\n<p>Eine hochwertige Geschenkbox f\u00fcr besondere Anl\u00e4sse!<\/p>\n<p>L\u00c8 BELL, eine Nuance von Eleganz<\/p>\n<p>L\u00c8 BELL ist ein s\u00fc\u00dfes, fruchtiges Parfum, das f\u00fcr den schicken Vierbeiner geeignet ist. Ein raffiniertes Aroma, das die elegantesten Schuren versch\u00f6nert und ihnen einen Hauch von Charme und Einzigartigkeit verleiht.<\/p>\n<p>L\u00c8 BELL ist eine Mischung aus Essenzen, die mit ihrem s\u00fc\u00dfen Charakter, perfekt f\u00fcr Gesellschaftshunde geeignet sind und Ihrem vertrauten Freund eine raffinierte und stets modische Note verleihen.<\/p>\n<p>Holzige Nuancen von Zeder, Sandelholz und wei\u00dfem Moschus dr\u00fccken in jedem Tropfen die Pers\u00f6nlichkeit eines echten Stars aus und verleihen dem Fell in Kombination mit den zarten Noten von Jasmin, Maigl\u00f6ckchen, Ylang Ylang, Lavendel, Pfirsich und Veilchen die Leichtigkeit und Weichheit der Bl\u00fctenbl\u00e4tter.<\/p>\n<p>Dar\u00fcber hinaus verleihen die Zitrus-Kopfnoten auf der Basis von Orange, Mandarine, Bergamotte und Zitrone dieser Mischung einen sofortigen Hauch von Frische und Dynamik sowie eine unverwechselbare Pers\u00f6nlichkeit.<\/p>\n<p>Inhalt:<br \/>\nParfum LE BELL (50ml)<br \/>\nConditioner mit LE BELL Duft<\/p>\n<\/div>\n","protected":false},"excerpt":{"rendered":"<p>Eine hochwertige Geschenkbox f\u00fcr besondere Anl\u00e4sse! L\u00c8 BELL, eine Nuance von Eleganz L\u00c8 BELL ist ein s\u00fc\u00dfes, fruchtiges Parfum, das f\u00fcr den schicken Vierbeiner geeignet ist. Ein raffiniertes Aroma, das die elegantesten Schuren versch\u00f6nert und ihnen einen Hauch von Charme [&hellip;]<\/p>\n","protected":false},"featured_media":128,"template":"","meta":[],"product_brand":[],"product_cat":[82,101,102],"product_tag":[],"class_list":{"0":"post-127","1":"product","2":"type-product","3":"status-publish","4":"has-post-thumbnail","6":"product_cat-special-one","7":"product_cat-parfum","8":"product_cat-geschenke","10":"first","11":"instock","12":"taxable","13":"shipping-taxable","14":"purchasable","15":"product-type-simple"},"_links":{"self":[{"href":"https:\/\/www.planetpoodle.de\/shop\/wp-json\/wp\/v2\/product\/127","targetHints":{"allow":["GET"]}}],"collection":[{"href":"https:\/\/www.planetpoodle.de\/shop\/wp-json\/wp\/v2\/product"}],"about":[{"href":"https:\/\/www.planetpoodle.de\/shop\/wp-json\/wp\/v2\/types\/product"}],"wp:featuredmedia":[{"embeddable":true,"href":"https:\/\/www.planetpoodle.de\/shop\/wp-json\/wp\/v2\/media\/128"}],"wp:attachment":[{"href":"https:\/\/www.planetpoodle.de\/shop\/wp-json\/wp\/v2\/media?parent=127"}],"wp:term":[{"taxonomy":"product_brand","embeddable":true,"href":"https:\/\/www.planetpoodle.de\/shop\/wp-json\/wp\/v2\/product_brand?post=127"},{"taxonomy":"product_cat","embeddable":true,"href":"https:\/\/www.planetpoodle.de\/shop\/wp-json\/wp\/v2\/product_cat?post=127"},{"taxonomy":"product_tag","embeddable":true,"href":"https:\/\/www.planetpoodle.de\/shop\/wp-json\/wp\/v2\/product_tag?post=127"}],"curies":[{"name":"wp","href":"https:\/\/api.w.org\/{rel}","templated":true}]}}