{"id":121,"date":"2022-11-12T22:12:30","date_gmt":"2022-11-12T21:12:30","guid":{"rendered":"https:\/\/www.planetpoodle.de\/shop\/?post_type=product&#038;p=121"},"modified":"2026-02-15T13:16:20","modified_gmt":"2026-02-15T12:16:20","slug":"shampoo-skincare-pro","status":"publish","type":"product","link":"https:\/\/www.planetpoodle.de\/shop\/product\/shampoo-skincare-pro\/","title":{"rendered":"SHAMPOO SKINCARE PRO"},"content":{"rendered":"<div class=\"std\">\n<p>SKINCARE PRO ist ein, bioaktive Meeressubstanzen enthaltendes, delikates Shampoo um Haut und Haare zu waschen.<\/p>\n<p>SKINCARE PRO ist ein \u00d6l-Reinigungsshampoo f\u00fcr Haut und Haare. Welches Verunreinigungen durch nat\u00fcrliche und schonende Reinigung entfernt.<\/p>\n<p>Dank der aktiven Reinigungssubstanzen pflanzlichen Ursprungs, wirkt dieses hygienische Shampoo gegen alle Anomalien, die die Haut von Tieren beeinflussen und sch\u00e4digen.<\/p>\n<p>SKINCARE PRO beruhigt entz\u00fcndete Haut und vermindert das Gef\u00fchl von Juckreiz bereits nach der ersten Anwendung.<\/p>\n<p>Die Benutzung von SKINCARE PRO Shampoo ist empfehlenswert:<br \/>\n\u2022 \u2022bei Haut und Haaren, die empfindlich auf Seife reagieren,<br \/>\n\u2022 \u2022bei h\u00e4ufigem Waschen,<br \/>\n\u2022 \u2022f\u00fcr \u00e4ltere Hunde und Welpen,<br \/>\n\u2022 \u2022f\u00fcr fettige Haut mit einem unangenehmen Geruch,<br \/>\n\u2022 \u2022trockene, entfettete Haut und Haare,<br \/>\n\u2022 \u2022sowie bei Schuppen.<\/p>\n<p>Seine Formel erm\u00f6glicht es Ihnen, das PH-Gleichgewicht der Haut des Hundes<br \/>\nund ihre nat\u00fcrliche F\u00e4higkeit Talg zu produzieren wiederherzustellen. Dabei ver\u00e4ndert sich nicht die Beschaffenheit des Haares (macht nicht weicher) und bei regelm\u00e4\u00dfiger Anwendung schafft es eine nat\u00fcrliche Barriere, die das Tier vor Parasiten sch\u00fctzt.<\/p>\n<p>SKINCARE PRO enth\u00e4lt die folgenden bioaktiven Meeressubstanzen und aktiven nat\u00fcrlichen Wirkstoffe:<br \/>\n\u2022 \u2022Propolis;<br \/>\n\u2022 \u2022Fruchts\u00e4uren, so genannte Alfa-Hydros\u00e4uren<br \/>\n\u2022 \u2022Hefeextrakte<br \/>\nAlle diese Inhaltstoffe werden auch in der Humanmedizin und Humankosmetik erfolgreich eingesetzt.<\/p>\n<p>Propolis hat zahlreiche therapeutische bakteriostatische* und bakterizide Eigenschaften und bietet starken Schutz gegen Keime. Dieses nat\u00fcrliche Antiseptikum verhindert die Entwicklung von negativen Prozessen, die h\u00e4ufig mit dem Auftreten von anomalen Erscheinungen auf der Haut zu treffen sind.<\/p>\n<p>Fruchts\u00e4uren erh\u00f6hen die Zellaktivit\u00e4t, beg\u00fcnstigen den Ausschluss von toten Zellen und tragen zur Entstehung von neuen Zellen bei.<\/p>\n<p>Hefeextrakte haben hervorragende Pflegeeigenschaften, eine st\u00e4rkende Wirkung und verbessern die Integrit\u00e4t der Epidermis.<\/p>\n<p>Die multivalente Zusammensetzung, nat\u00fcrlichen Ursprungs, von SKINCARE PRO n\u00e4hrt das Haarkleid, so dass es gl\u00e4nzend und leicht k\u00e4mmbar ist.<\/p>\n<p>ANWENDUNG:<br \/>\nSKINCARE PRO kann in mehrfacher Verd\u00fcnnung mit Wasser verwendet werden. Die Verd\u00fcnnung variiert je nach dem Zustand des Haarkleides, das behandelt werden soll.<\/p>\n<p>Unsere Empfehlung:<br \/>\nBei starken Hautproblemen, wie z.B. Sebadenitis, starken Schuppen, Exsemen, starkem Juckreiz u.\u00e4. (siehe Album \u201eAnwendung \u2013 Beispiele\u201c) verwenden sie ein Mischungsverh\u00e4ltnis von 1:2 (1 Teil SKINCARE PRO, 2 Teile Wasser), wobei auf die am st\u00e4rksten verletzten Stellen SKINCARE PRO pur angewendet werden kann\/muss (mit Hilfe einer Aplikationsflasche oder eines Haarpinsels, siehe Album: \u201eAnwendung \u2013 Hautprobleme\u201c). Wenn die Hautprobleme, nicht so stark sind, k\u00f6nnen sie in einem Mischungsverh\u00e4ltnis von 1:5 oder 1:6 verd\u00fcnnen.<\/p>\n<p>Verteilen Sie das Produkt sorgf\u00e4ltig auf dem Haar. Massieren Sie Haut und Haare f\u00fcr ein paar Minuten, um die Wirkung des Shampoos zu unterst\u00fctzen.<\/p>\n<p>Wiederholen Sie den Vorgang ein zweites Mal und sp\u00fclen Sie das Fell gut aus.<\/p>\n<p>ENTH\u00c4LT: Nichtionische Tenside**, Avocado\u00f6l***, Mandel\u00f6l, Jojoba\u00f6l, Leinsamen\u00f6l, Rizinus\u00f6l, Propolis, Glykols\u00e4ure****, Kokosst\u00e4rke, hochwertige Silikon\u00f6le.<\/p>\n<p>Erh\u00e4ltlich in:<br \/>\n1 Liter Flasche<br \/>\n5 Liter Kanister<\/p>\n<p>* \u00bbBakteriostatisch\u00ab bedeutet, dass die Bakterienflora auf ihrem nat\u00fcrlichen Niveau gehalten und die Haut nicht ausgelaugt bzw. angegriffen wird wie bei Bakteriziden, aber gleichzeitig die Vermehrung hautsch\u00e4dlicher Bakterien unterbunden wird.<\/p>\n<p>** Nichtionische Tenside (Niotenside) bilden in w\u00e4ssriger L\u00f6sung keine Ionen. Sie haben einen polaren und einen unpolaren Teil, jedoch keine partielle Ladung und sind damit neutral. Die Saponine, z.B. aus dem Seifenkraut und der Waschnuss, geh\u00f6ren ebenfalls in die Gruppe der Niotenside. Niotenside haben gegen\u00fcber anionischen Tensiden einige Vorteile, sie sind:<br \/>\n&#8211; weniger h\u00e4rtempfindlich als anionische Tenside<br \/>\n&#8211; hautfreundlicher (sind die wohl mildesten Tenside, da sie keine negative Ladung haben und die Aggressivit\u00e4t der Tenside haupts\u00e4chlich von deren Polarit\u00e4t abh\u00e4ngt)<br \/>\n&#8211; nicht toxisch<br \/>\n&#8211; vollst\u00e4ndig biologisch abbaubar<br \/>\n&#8211; aus nachwachsenden Rohstoffen herstellbar<br \/>\nDer einzige Nachteil liegt zur Zeit noch in den verh\u00e4ltnism\u00e4\u00dfig hohen Produktionskosten.<\/p>\n<p>*** Avocado\u00f6l ist ein au\u00dfergew\u00f6hnlich gehaltvolles \u00d6l. Es wirkt lindernd bei trockener, rissiger und spr\u00f6der Haut. Zudem unterst\u00fctzt es den Zellaufbau und die Regeneration. Durch seinen hohen Anteil an den Vitaminen A, E und D zeichnet es sich als besonders hilfreich bei Hautproblemen aus, so auch bei Narben und entz\u00fcndlich-rissiger Haut.<\/p>\n<p>**** Glykols\u00e4ure l\u00f6st, wie andere Fruchts\u00e4uren auch, das \u201eBindemittel\u201c, das abgestorbene Zellen an der Hautoberfl\u00e4che festh\u00e4lt. Diese toten Zellen sind das Ergebnis des st\u00e4ndigen Erneuerungsprozesses unserer Haut. Abgestorbene Zellen aus tieferen Schichten wandern an die Oberfl\u00e4che, wo sie keine Funktion erf\u00fcllen, sondern bestenfalls abgetragen werden. Je mehr abgestorbene Hautzellen sich auf der Haut tummeln, desto fahler wirkt sie. In Verbindung mit Hautfett k\u00f6nnen diese Zellen die Poren verstopfen. Ein effektiver Helfer dabei sind Fruchts\u00e4uren wie z.B. Glykols\u00e4ure: Sie dringen in die oberste Hautschicht, die Epidermis, ein und l\u00f6sen dort eine Abschuppung bereits abgestorbener Zellen aus. Zus\u00e4tzlich regen sie die nat\u00fcrliche Produktion von Kollagen und Elastin, den elastischen Fasern der Haut, an<\/p>\n<\/div>\n","protected":false},"excerpt":{"rendered":"<p>SKINCARE PRO ist ein, bioaktive Meeressubstanzen enthaltendes, delikates Shampoo um Haut und Haare zu waschen. SKINCARE PRO ist ein \u00d6l-Reinigungsshampoo f\u00fcr Haut und Haare. Welches Verunreinigungen durch nat\u00fcrliche und schonende Reinigung entfernt. Dank der aktiven Reinigungssubstanzen pflanzlichen Ursprungs, wirkt dieses [&hellip;]<\/p>\n","protected":false},"featured_media":3546,"template":"","meta":[],"product_brand":[],"product_cat":[82,278,289],"product_tag":[],"class_list":{"0":"post-121","1":"product","2":"type-product","3":"status-publish","4":"has-post-thumbnail","6":"product_cat-special-one","7":"product_cat-shampoo","8":"product_cat-spezialshampoo","10":"first","11":"instock","12":"taxable","13":"shipping-taxable","14":"purchasable","15":"product-type-variable"},"_links":{"self":[{"href":"https:\/\/www.planetpoodle.de\/shop\/wp-json\/wp\/v2\/product\/121","targetHints":{"allow":["GET"]}}],"collection":[{"href":"https:\/\/www.planetpoodle.de\/shop\/wp-json\/wp\/v2\/product"}],"about":[{"href":"https:\/\/www.planetpoodle.de\/shop\/wp-json\/wp\/v2\/types\/product"}],"wp:featuredmedia":[{"embeddable":true,"href":"https:\/\/www.planetpoodle.de\/shop\/wp-json\/wp\/v2\/media\/3546"}],"wp:attachment":[{"href":"https:\/\/www.planetpoodle.de\/shop\/wp-json\/wp\/v2\/media?parent=121"}],"wp:term":[{"taxonomy":"product_brand","embeddable":true,"href":"https:\/\/www.planetpoodle.de\/shop\/wp-json\/wp\/v2\/product_brand?post=121"},{"taxonomy":"product_cat","embeddable":true,"href":"https:\/\/www.planetpoodle.de\/shop\/wp-json\/wp\/v2\/product_cat?post=121"},{"taxonomy":"product_tag","embeddable":true,"href":"https:\/\/www.planetpoodle.de\/shop\/wp-json\/wp\/v2\/product_tag?post=121"}],"curies":[{"name":"wp","href":"https:\/\/api.w.org\/{rel}","templated":true}]}}