{"id":116,"date":"2022-11-12T22:08:07","date_gmt":"2022-11-12T21:08:07","guid":{"rendered":"https:\/\/www.planetpoodle.de\/shop\/?post_type=product&#038;p=116"},"modified":"2026-04-27T02:20:45","modified_gmt":"2026-04-27T00:20:45","slug":"shampoo-platynum-pro","status":"publish","type":"product","link":"https:\/\/www.planetpoodle.de\/shop\/product\/shampoo-platynum-pro\/","title":{"rendered":"SHAMPOO PLATYNUM PRO"},"content":{"rendered":"<div class=\"std\">\n<p>PLATINUM PRO ist ein innovatives professionelles Shampoo mit hohem feuchtigkeitsspendendem und regenerierendem Faktor. Es besitzt sanft reinigende Eigenschaften, gibt dem Haarkleid des Hundes Struktur und beruhigt w\u00e4hrenddessen gereizte Hautbereiche. Die PLATINUM PRO Formel st\u00e4rkt und sch\u00fctzt die Keratinstruktur des Haares und f\u00fcgt ihm wichtige Vitalstoffe zu.<br \/>\nAlle Inhaltsstoffe sind perfekt aufeinander abgestimmt und nat\u00fcrlichen Ursprungs.<br \/>\nDabei verbessert sich bei jeder weiteren Anwendung das Aussehen, der Glanz und die Elastizit\u00e4t des Haarkleides. PLATINUM PRO ist f\u00fcr alle Fellarten vor dem Grooming, bei h\u00e4ufigem Waschen und vor allem in der Vorbereitung von Ausstellungshunden empfehlenswert.<\/p>\n<p>PLATINUM PRO enth\u00e4lt die folgenden organischen Derivate und Meereswirkstoffe:<\/p>\n<ul>\n<li>\u00a0Allantoin*, um die gereizte Haut zu beruhigen<\/li>\n<li>Chitosan, zur St\u00e4rkung der Struktur des Haares<\/li>\n<li>Keratin<\/li>\n<li>Kakaobutter, f\u00fcr mehr Glanz und einen verbesserten Kontrast in den Farben des Haarkleides<\/li>\n<li>Quittenextrakt<\/li>\n<li>Kaffeeextrakt<\/li>\n<li>Neem\u00f6l**<\/li>\n<\/ul>\n<p>Gebrauchsanweisung:<br \/>\nPLATINUM PRO ist ein hochkonzentriertes Produkt. Es wird in 20 Teilen Wasser (1:20) verd\u00fcnnt.<br \/>\nWir empfehlen dieses Shampoo zur Vorbereitung des Hundes f\u00fcr das Grooming und f\u00fcr Ausstellungen.<\/p>\n<p>Einfaches Anwendungsprogramm zur Showvorbereitung:<\/p>\n<ol>\n<li>Bio Energy (+ Hygro Fluid oder Super Keeper)<\/li>\n<li>Platinum Pro x 2<\/li>\n<li>Hydrating Cream<\/li>\n<\/ol>\n<p>Erh\u00e4ltlich in:<br \/>\n1 Liter Flasche<br \/>\n5 Liter Kanister<a href=\"http:\/\/planetpoodle.de\/pudelshop\/index.php\/special-one\/accessoires\/kanisterpumpe.html\"> (* Die Pumpen f\u00fcr die Kanister sind nicht enthalten! Bitte bestellen sie diese zus\u00e4tzlich!)<\/a><\/p>\n<p>*Allantoin wird in der Kosmetik in Hautcremes, Duschgels, Sonnenschutzmitteln, Rasierw\u00e4ssern, in Zahncreme und in Mitteln gegen \u00fcberm\u00e4\u00dfige Schwei\u00dfabsonderung (Hyperhidrose) und Hautirritationen eingesetzt. Es bewirkt die Beschleunigung des Zellaufbaus, der Zellbildung oder der Zellregeneration und beruhigt die Haut. Auch die Heilung schwer heilender Wunden wird unterst\u00fctzt, jedoch besitzt Allantoin keine antiseptischen Eigenschaften.<\/p>\n<p>** Neem\u00f6l, auch Niem\u00f6l genannt, ist ein besonders hochwertiges \u00d6l. Gewonnen wird es mittels schonender Kaltpressung aus den Samen des Neembaumes. Seine Verwendung ist vielf\u00e4ltig.<\/p>\n<p>In der Kosmetik wird es eingesetzt, um die Haut und auch die Haare zu kr\u00e4ftigen, ihr Gleichgewicht wieder herzustellen und die nat\u00fcrliche Schutzschicht zu reaktivieren. Dar\u00fcber hinaus wirkt Neem\u00f6l heilsam auf Ekzeme und gegen trockene Haut. Auch gegen L\u00e4use werden Neem\u00f6l-Produkte \u00e4u\u00dferst effektiv eingesetzt.<br \/>\nAuch f\u00fcr jeden anderen Hauttyp ist das \u00d6l geeignet, da es auch der Haut hilft, sich selbst wieder in Balance zu bringen. Ohne medizinische Indikation kann Neem\u00f6l einfach verwendet werden, um Haut und Haare zu st\u00e4rken.<br \/>\nBehandlung von Tieren:<br \/>\nDa Neem\u00f6l nicht nur beim Menschen, sondern auch bei Tieren wirkt, wird es auch gern bei Pferden gegen die so genannten Sommerekzeme oder bei Hunden in Shampoos eingesetzt. Neem\u00f6l wirkt auch und vor allem gegen Parasiten, darum k\u00f6nnen beispielsweise L\u00e4use, Fl\u00f6he, M\u00fccken und andere unangenehme Krabbler, wie etwa Milben in den Hundeohren, damit behandelt werden.<\/p>\n<\/div>\n","protected":false},"excerpt":{"rendered":"<p>PLATINUM PRO ist ein innovatives professionelles Shampoo mit hohem feuchtigkeitsspendendem und regenerierendem Faktor. Es besitzt sanft reinigende Eigenschaften, gibt dem Haarkleid des Hundes Struktur und beruhigt w\u00e4hrenddessen gereizte Hautbereiche. Die PLATINUM PRO Formel st\u00e4rkt und sch\u00fctzt die Keratinstruktur des Haares [&hellip;]<\/p>\n","protected":false},"featured_media":3544,"template":"","meta":[],"product_brand":[],"product_cat":[82,278,287],"product_tag":[],"class_list":{"0":"post-116","1":"product","2":"type-product","3":"status-publish","4":"has-post-thumbnail","6":"product_cat-special-one","7":"product_cat-shampoo","8":"product_cat-shampoo-bestseller","10":"first","11":"instock","12":"featured","13":"taxable","14":"shipping-taxable","15":"purchasable","16":"product-type-variable"},"_links":{"self":[{"href":"https:\/\/www.planetpoodle.de\/shop\/wp-json\/wp\/v2\/product\/116","targetHints":{"allow":["GET"]}}],"collection":[{"href":"https:\/\/www.planetpoodle.de\/shop\/wp-json\/wp\/v2\/product"}],"about":[{"href":"https:\/\/www.planetpoodle.de\/shop\/wp-json\/wp\/v2\/types\/product"}],"wp:featuredmedia":[{"embeddable":true,"href":"https:\/\/www.planetpoodle.de\/shop\/wp-json\/wp\/v2\/media\/3544"}],"wp:attachment":[{"href":"https:\/\/www.planetpoodle.de\/shop\/wp-json\/wp\/v2\/media?parent=116"}],"wp:term":[{"taxonomy":"product_brand","embeddable":true,"href":"https:\/\/www.planetpoodle.de\/shop\/wp-json\/wp\/v2\/product_brand?post=116"},{"taxonomy":"product_cat","embeddable":true,"href":"https:\/\/www.planetpoodle.de\/shop\/wp-json\/wp\/v2\/product_cat?post=116"},{"taxonomy":"product_tag","embeddable":true,"href":"https:\/\/www.planetpoodle.de\/shop\/wp-json\/wp\/v2\/product_tag?post=116"}],"curies":[{"name":"wp","href":"https:\/\/api.w.org\/{rel}","templated":true}]}}