{"id":111,"date":"2022-11-12T22:00:56","date_gmt":"2022-11-12T21:00:56","guid":{"rendered":"https:\/\/www.planetpoodle.de\/shop\/?post_type=product&#038;p=111"},"modified":"2026-04-27T02:20:45","modified_gmt":"2026-04-27T00:20:45","slug":"shampoo-keratine-pro","status":"publish","type":"product","link":"https:\/\/www.planetpoodle.de\/shop\/product\/shampoo-keratine-pro\/","title":{"rendered":"SHAMPOO KERATINE PRO"},"content":{"rendered":"<p>KERATIN PRO &#8211; das Shampoo, das die Struktur der Wolle verst\u00e4rkt.<br \/>\nEnth\u00e4lt bioaktive Meeressubstanzen.<\/p>\n<p>KERATIN PRO ist ein innovatives Shampoo, das speziell entwickelt wurde, um die Struktur der Haartextur zu verbessern. Es reinigt mit einer weichen Creme nat\u00fcrlichen Ursprungs, unterst\u00fctzt und st\u00e4rkt das Haarkleid, tr\u00e4gt zur Bildung der eigenen nat\u00fcrlichen Hautschicht bei.<\/p>\n<p>KERATIN PRO ist ideal f\u00fcr kurzes und auch langes Haar. Seine Wirkung sorgt daf\u00fcr, dass das Volumen an den Stellen entsteht, wo es f\u00fcr das Haar erforderlich ist und modelliert und beschwert es, wo es n\u00f6tig ist.<\/p>\n<p>Es ist besonders zu empfehlen f\u00fcr die Vorbereitung der Hundehaare vor Ausstellungen und f\u00fcr alle Hunde, die getrimmt &amp; gestrippt werden. F\u00fcr alle Hunde mit Keratin-Haarstruktur (Dackel, Briard, schwarze Terrier, andere Terrier, Chow-Chow, Husky, Berner Sennenhund und andere. Pudel in Verbindung mit Hygrofluid).<\/p>\n<p>Aufgrund seiner Konsistenz und Wirkungskraft erh\u00e4lt das Haarkleid mehr Keratintextur.<br \/>\nReduziert Spliss, verbessert die K\u00e4mmbarkeit, reduziert das Volumen, wo es nicht sein soll, bringt dieses aber an den n\u00f6tigen Stellen hervor.<\/p>\n<p>Inhaltstoffe:<br \/>\nKERATIN PRO enth\u00e4lt bioaktive Meeressubstanzen und Wirkstoffe wie<br \/>\n&#8211; hydrolysiertes Keratin (das hydrolysierte Keratin verbindet sich mit dem nat\u00fcrlichen Keratin des Haares, um eine wieder aufgef\u00fcllte, gesund aussehende Haarfaser zu schaffen)<br \/>\n&#8211; Chitosan, f\u00fcr mehr Glanz und Wiederbelebung des Haares,<br \/>\n&#8211; Saccharin-Natrium zur schnellen Wiederherstellung des Haares bei einem Mangel an diesen Elementen, die letztlich die nat\u00fcrliche Farbe der Haartextur erneuern.<\/p>\n<p>TIPPS ZUR VERWENDUNG:<br \/>\nKERATIN PRO ist ein stark konzentriertes Produkt, das in 20 Teilen Wasser verd\u00fcnnt werden sollte.<br \/>\nTragen Sie die Shampool\u00f6sung leicht massierend auf die Haare auf, bis eine weiche Creme-Emulsion entsteht. Sp\u00fclen sie die Emulsion aus und wiederholen den Vorgang erneut. Lassen Sie die L\u00f6sung auf dem Haar f\u00fcr ein paar Minuten einwirken, um diese dann gr\u00fcndlich auszusp\u00fclen.<\/p>\n<p>ENTH\u00c4LT:<br \/>\nanionische Tenside, amphotere Tenside, Kokosst\u00e4rke, hydrolysiertes Keratin, Rohrzucker.<\/p>\n","protected":false},"excerpt":{"rendered":"<p>KERATIN PRO &#8211; das Shampoo, das die Struktur der Wolle verst\u00e4rkt. Enth\u00e4lt bioaktive Meeressubstanzen. KERATIN PRO ist ein innovatives Shampoo, das speziell entwickelt wurde, um die Struktur der Haartextur zu verbessern. Es reinigt mit einer weichen Creme nat\u00fcrlichen Ursprungs, unterst\u00fctzt [&hellip;]<\/p>\n","protected":false},"featured_media":3547,"template":"","meta":[],"product_brand":[],"product_cat":[82,278,289],"product_tag":[],"class_list":{"0":"post-111","1":"product","2":"type-product","3":"status-publish","4":"has-post-thumbnail","6":"product_cat-special-one","7":"product_cat-shampoo","8":"product_cat-spezialshampoo","10":"first","11":"instock","12":"taxable","13":"shipping-taxable","14":"purchasable","15":"product-type-variable"},"_links":{"self":[{"href":"https:\/\/www.planetpoodle.de\/shop\/wp-json\/wp\/v2\/product\/111","targetHints":{"allow":["GET"]}}],"collection":[{"href":"https:\/\/www.planetpoodle.de\/shop\/wp-json\/wp\/v2\/product"}],"about":[{"href":"https:\/\/www.planetpoodle.de\/shop\/wp-json\/wp\/v2\/types\/product"}],"wp:featuredmedia":[{"embeddable":true,"href":"https:\/\/www.planetpoodle.de\/shop\/wp-json\/wp\/v2\/media\/3547"}],"wp:attachment":[{"href":"https:\/\/www.planetpoodle.de\/shop\/wp-json\/wp\/v2\/media?parent=111"}],"wp:term":[{"taxonomy":"product_brand","embeddable":true,"href":"https:\/\/www.planetpoodle.de\/shop\/wp-json\/wp\/v2\/product_brand?post=111"},{"taxonomy":"product_cat","embeddable":true,"href":"https:\/\/www.planetpoodle.de\/shop\/wp-json\/wp\/v2\/product_cat?post=111"},{"taxonomy":"product_tag","embeddable":true,"href":"https:\/\/www.planetpoodle.de\/shop\/wp-json\/wp\/v2\/product_tag?post=111"}],"curies":[{"name":"wp","href":"https:\/\/api.w.org\/{rel}","templated":true}]}}