{"id":67,"date":"2022-11-12T21:04:54","date_gmt":"2022-11-12T20:04:54","guid":{"rendered":"https:\/\/www.planetpoodle.de\/shop\/?post_type=product&#038;p=67"},"modified":"2025-11-15T15:34:34","modified_gmt":"2025-11-15T14:34:34","slug":"hairstrip-powder","status":"publish","type":"product","link":"https:\/\/www.planetpoodle.de\/shop\/en\/product\/hairstrip-powder\/","title":{"rendered":"HAIRSTRIP POWDER"},"content":{"rendered":"<div class=\"std\">\n<p>HAIR STRIP ist ein Puder f\u00fcr die leichte Entfernung von Haaren im Ohrinnenbereich und an schwierigen Partien des Hundes beim Stripping.<\/p>\n<p>Dieses Produkt ist ein sehr feines Pulver, des speziell konzipiert wurde, um die leichte Entfernung von Haaren im Ohrinnenbereich zu erm\u00f6glichen. Seine spezielle Formel erlaubt die Anwendung auch an f\u00fcr das Stripping schwierigen Bereichen wie Ohren, Wangen und der R\u00fcckseite des Hundes.<\/p>\n<p>Bei regelm\u00e4\u00dfiger Anwendung bleibt die Ohrmuschel frei von Wolle, so dass sie f\u00fcr die Reinigung leicht zug\u00e4ngig ist.<\/p>\n<p>Anwendung:<br \/>\nStreuen Sie das Produkt auf den richtigen Bereich, sanft einmassieren. Dann setzen Sie die Prozedur mit dem Daumen oder dem Finger bzw. einem speziellen Strippingmesser fort.<\/p>\n<p>Erh\u00e4ltlich in:<br \/>\n&#8211; 6gr. Streuflasche*<\/p>\n<p>*Diese kleine, handliche Flasche passt sehr gut in die Taschen ihrer Arbeitskleidung und ist somit immer dabei, wenn sie ihre Arbeit im Salon erledigen.<\/p>\n<\/div>\n","protected":false},"excerpt":{"rendered":"<p>HAIR STRIP ist ein Puder f\u00fcr die leichte Entfernung von Haaren im Ohrinnenbereich und an schwierigen Partien des Hundes beim Stripping. Dieses Produkt ist ein sehr feines Pulver, des speziell konzipiert wurde, um die leichte Entfernung von Haaren im Ohrinnenbereich [&hellip;]<\/p>\n","protected":false},"featured_media":3605,"template":"","meta":[],"product_brand":[],"product_cat":[82,282,291],"product_tag":[],"class_list":{"0":"post-67","1":"product","2":"type-product","3":"status-publish","4":"has-post-thumbnail","6":"product_cat-special-one","7":"product_cat-special-care","8":"product_cat-care","10":"first","11":"instock","12":"taxable","13":"shipping-taxable","14":"purchasable","15":"product-type-variable"},"_links":{"self":[{"href":"https:\/\/www.planetpoodle.de\/shop\/en\/wp-json\/wp\/v2\/product\/67","targetHints":{"allow":["GET"]}}],"collection":[{"href":"https:\/\/www.planetpoodle.de\/shop\/en\/wp-json\/wp\/v2\/product"}],"about":[{"href":"https:\/\/www.planetpoodle.de\/shop\/en\/wp-json\/wp\/v2\/types\/product"}],"wp:featuredmedia":[{"embeddable":true,"href":"https:\/\/www.planetpoodle.de\/shop\/en\/wp-json\/wp\/v2\/media\/3605"}],"wp:attachment":[{"href":"https:\/\/www.planetpoodle.de\/shop\/en\/wp-json\/wp\/v2\/media?parent=67"}],"wp:term":[{"taxonomy":"product_brand","embeddable":true,"href":"https:\/\/www.planetpoodle.de\/shop\/en\/wp-json\/wp\/v2\/product_brand?post=67"},{"taxonomy":"product_cat","embeddable":true,"href":"https:\/\/www.planetpoodle.de\/shop\/en\/wp-json\/wp\/v2\/product_cat?post=67"},{"taxonomy":"product_tag","embeddable":true,"href":"https:\/\/www.planetpoodle.de\/shop\/en\/wp-json\/wp\/v2\/product_tag?post=67"}],"curies":[{"name":"wp","href":"https:\/\/api.w.org\/{rel}","templated":true}]}}