{"id":32,"date":"2022-11-12T19:10:17","date_gmt":"2022-11-12T18:10:17","guid":{"rendered":"https:\/\/www.planetpoodle.de\/shop\/?post_type=product&#038;p=32"},"modified":"2026-04-27T19:11:46","modified_gmt":"2026-04-27T17:11:46","slug":"4-poodle-pro","status":"publish","type":"product","link":"https:\/\/www.planetpoodle.de\/shop\/en\/product\/4-poodle-pro\/","title":{"rendered":"4POODLE PRO"},"content":{"rendered":"<p><strong>4Poodle Pro<\/strong> ist ein spezielles Shampoo f\u00fcr das lockige Fell des Pudels.<\/p>\n<p>Es gibt dem Fell Halt, verleiht der feineren Textur noch mehr Volumen und erleichtert das Styling.<\/p>\n<p>Das Alles dank der au\u00dfergew\u00f6hnlichen Elastizit\u00e4t des Fells direkt nach der Anwendung von <em>4Poodle Pro<\/em> sowie der lang anhaltenden intensiven Wirkung des enthaltenen Keratins.<\/p>\n<p>Nach dem Waschen l\u00e4sst sich das Fell leicht k\u00e4mmen, trocknet sehr schnell, sieht gesund und gepflegt aus und f\u00fchlt sich gesund an. Der Glanz ist un\u00fcbertroffen!<\/p>\n<p><em>4Poodle Pro<\/em> ist das ideale Produkt, um das Pudelfell f\u00fcr das Scheren und Beautyshows vorzubereiten \u2013 auch empfehlenswert f\u00fcr Rassen wie Bichon Fris\u00e9, Bobtail u.\u00e4.<\/p>\n<p>KOMPOSITION<\/p>\n<p>Die Formel von <em>4Poodle Pro<\/em> enth\u00e4lt Ceramide und Kaschmirproteine*.<\/p>\n<p>Die Molek\u00fcle der Ceramide bauen das Haar von innen her wieder auf und hinterlassen es hydratisiert, strahlend und leicht k\u00e4mmbar, w\u00e4hrend die Kaschmirproteine dem Fell Festigkeit und Elastizit\u00e4t verleihen.<\/p>\n<p>ANWENDUNG<\/p>\n<p><em>4Poodle Pro<\/em> pur oder im Verh\u00e4ltnis 1:10 (oder auch mehr) mit Wasser verd\u00fcnnt auf das Fell des Hundes auftragen, sanft einmassieren, aussp\u00fclen und den Vorgang wiederholen.<\/p>\n<p><em>4Poodle Pro<\/em> kann zusammen mit Bombastic Mineral Coat Building verwendet werden.<\/p>\n<p>F\u00fcr ein noch effektiveres Ergebnis wird empfohlen, das Haar vor der Anwendung von<em> 4Poodle Pro<\/em> mit der Bio Energy Plus Pre-Maske vorzubehandeln und nach der Haarw\u00e4sche die Pflege mit 1 Teel\u00f6ffel Hydrating Cream in 1 Liter hei\u00dfem Wasser verd\u00fcnnt zu beenden.<\/p>\n<p>&nbsp;<\/p>\n<p><strong>*Kaschmirproreine<\/strong><\/p>\n<p>Die Hersteller die Kosmetikprodukte sind immer auf der Suche nach neuen Inspirationen und Substanzen,<br \/>\ndie helfen ein perfektes Kosmetikprodukt zu schaffen. Heutzutage erfreuen sich Produkte mit \u201eFasern&#8221; immer gr\u00f6sserer Beliebtheit. Fasern sind in der Pflege ein wichtiger, wirksamer und regenerierender Inhaltsstoff. Die Extrakte aus Baumwolle, Kaschmir oder Seide sind derzeit ein echter Hit.<\/p>\n<p>Diese nat\u00fcrlichen Substanzen reizen nur sehr selten die Haut und sind daher sehr gut f\u00fcr alle geeignet. Sie werden vor allem Personen mit trockener Haut, auch mit empfindlicher, zarter und reifer Haut empfohlen. Sie eignen sich auch auch f\u00fcr die Pflege von zarter Kinderhaut.<\/p>\n<p>Solche Kosmetikprodukte spenden der Haut tiefenwirksame Feuchtigkeit. Sorgen f\u00fcr Straffheit und Elastizit\u00e4t. Am wertvollsten sind dabei Produkte mit hydrolisierten Fasern.<\/p>\n<p>Nicht ohne Grund assoziieren wir Kaschmir mit der luxuri\u00f6sen Hautpflege. Kaschmir bestehet aus Keratinproteinen, die sehr gut Feuchtigkeit spenden, gl\u00e4tten und die Haut einfetten. Produkte mit Kaschmir Proteinen sorgen f\u00fcr ein optimiertes Hydro-Lipid-Gleichgewicht, ziehen in die tiefen Hautschichten ein und verbessern ihre Struktur.<\/p>\n<p>Lohnt es sich, zu Produkten mit hydrolisierten Fasern zu greifen, da diese in der Regel etwas teuerer als andere Produkte sind?<\/p>\n<p>Hydrolisierte Fasern erfordern eine andere Verarbeitung sowie die Anwendung von innovativen Technologien. Produkte mit den hydrolisierten Fasern (z.B. Kaschmir) sind frei von synthetischen Substanzen, Parabenen und Silikonen.<\/p>\n<p>Sie sind sicher und perfekt entworfen, ihr Preis entspricht also der Qualit\u00e4t.<\/p>\n<p><strong><em>** Kommentar von Natascha Kolbe (Planet Poodle Grooming)<\/em><\/strong><\/p>\n<p><em>4 Poodle Pro ist ein dickfl\u00fcssiges perlmuttfarbende Shampoo. Es hat einen sehr dezenten, kaum wahrnehmbaren Geruch, der sofort an Pflege denken l\u00e4sst.<br \/>\nEs l\u00e4sst sich sehr gut verd\u00fcnnen, auftragen und absp\u00fclen.<\/em><\/p>\n<p><em>Das Ergebniss ist sofort sichtbar. Un\u00fcbertroffener Glanz, Geschmeidigkeit und wunderbares Volumen, das wirklich lange anh\u00e4lt.<br \/>\nNoch nach mehreren Tagen sehen die Hunde wie frisch gewaschen aus!<\/em><\/p>\n<p><em>Dieses Shampoo eignet sich hervorragend f\u00fcr alle Anwendungen beim Pudeln (aber auch bei anderen Rassen, die Volumen brauchen):<\/em><\/p>\n<p><em>&#8211; vor Ausstellungen (auch mehrere Tage sind kein Problem)<\/em><br \/>\n<em>&#8211; Show-Grooming (die Groomer werden das gut vorbereitete Fell zu sch\u00e4tzen wissen)<\/em><br \/>\n<em>&#8211; Pet-Grooming im Salon (Ihre Kunden werden begeistert sein, weil die Hunde lange sch\u00f6n aussehen und der Groomer selbst wird die leichtere Arbeiten und das Ergebniss lieben)<\/em><br \/>\n<em>&#8211; Pflege-Grooming (Kaschmirproteine machen ihre vorz\u00fcgliche Arbeit und pflegen das Haarkleid intensiv)<\/em><\/p>\n<p><em>Alles in Allem &#8211; Wow! \u00dcberzeugt euch selbst!<\/em><\/p>\n<p><em><strong>***\u00a0<\/strong>Wussten sie, das alle unsere neuen Produkte, bevor sie in die Produktion gehen, ein Jahr lang im italienischen Special One Grooming Center von den besten europ\u00e4ischen Groomern angewendet, getestet und wenn n\u00f6tig, verbessert werden?<\/em><\/p>\n<p><em>Profitieren sie vom Fachwissen der besten europ\u00e4ischen Groomer, die stehts bem\u00fcht sind, die bestm\u00f6glichen Produkte auf den Markt zu bringen und Profiqualit\u00e4t (\u201cPro\u201d \u2013 steht f\u00fcr professional) jedermann zug\u00e4nglich zu machen!<\/em><\/p>\n<p><em>Wir verkaufen nicht nur!<br \/>\n<strong>Wir arbeiten selbst tagt\u00e4glich damit, um unseren Hunden das Beste zu geben!<\/strong><\/em><\/p>\n","protected":false},"excerpt":{"rendered":"<p>4Poodle Pro ist ein spezielles Shampoo f\u00fcr das lockige Fell des Pudels. Es gibt dem Fell Halt, verleiht der feineren Textur noch mehr Volumen und erleichtert das Styling. Das Alles dank der au\u00dfergew\u00f6hnlichen Elastizit\u00e4t des Fells direkt nach der Anwendung [&hellip;]<\/p>\n","protected":false},"featured_media":3554,"template":"","meta":[],"product_brand":[],"product_cat":[82,278,287],"product_tag":[286],"class_list":{"0":"post-32","1":"product","2":"type-product","3":"status-publish","4":"has-post-thumbnail","6":"product_cat-special-one","7":"product_cat-shampoo","8":"product_cat-shampoo-bestseller","9":"product_tag-shampoo-bestseller","11":"first","12":"instock","13":"taxable","14":"shipping-taxable","15":"purchasable","16":"product-type-variable"},"_links":{"self":[{"href":"https:\/\/www.planetpoodle.de\/shop\/en\/wp-json\/wp\/v2\/product\/32","targetHints":{"allow":["GET"]}}],"collection":[{"href":"https:\/\/www.planetpoodle.de\/shop\/en\/wp-json\/wp\/v2\/product"}],"about":[{"href":"https:\/\/www.planetpoodle.de\/shop\/en\/wp-json\/wp\/v2\/types\/product"}],"wp:featuredmedia":[{"embeddable":true,"href":"https:\/\/www.planetpoodle.de\/shop\/en\/wp-json\/wp\/v2\/media\/3554"}],"wp:attachment":[{"href":"https:\/\/www.planetpoodle.de\/shop\/en\/wp-json\/wp\/v2\/media?parent=32"}],"wp:term":[{"taxonomy":"product_brand","embeddable":true,"href":"https:\/\/www.planetpoodle.de\/shop\/en\/wp-json\/wp\/v2\/product_brand?post=32"},{"taxonomy":"product_cat","embeddable":true,"href":"https:\/\/www.planetpoodle.de\/shop\/en\/wp-json\/wp\/v2\/product_cat?post=32"},{"taxonomy":"product_tag","embeddable":true,"href":"https:\/\/www.planetpoodle.de\/shop\/en\/wp-json\/wp\/v2\/product_tag?post=32"}],"curies":[{"name":"wp","href":"https:\/\/api.w.org\/{rel}","templated":true}]}}