{"id":193,"date":"2022-11-13T12:23:00","date_gmt":"2022-11-13T11:23:00","guid":{"rendered":"https:\/\/www.planetpoodle.de\/shop\/?post_type=product&#038;p=193"},"modified":"2025-06-11T15:07:51","modified_gmt":"2025-06-11T13:07:51","slug":"basic-essential-oil-portofino","status":"publish","type":"product","link":"https:\/\/www.planetpoodle.de\/shop\/en\/product\/basic-essential-oil-portofino\/","title":{"rendered":"BASIC ESSENTIAL OIL  - PORTOFINO"},"content":{"rendered":"<div class=\"std\">\n<div class=\"std\">\n<p>PORTOFINO \u2013 Mischung aus Ligurien<\/p>\n<p>Portofino: ein belebendes Wasch\u00f6l, inspiriert von den D\u00fcften und Farben Liguriens, die die Stra\u00dfen der malerischen D\u00f6rfer wie im M\u00e4rchen verzaubern.<\/p>\n<p>Sehr gut geeignet f\u00fcr stumpfes Fell und dehydrierte Haut. Verleiht dem Haar, dank der Anwesenheit von Rosmarin, Salbei, Lavendel, Minze und Eukalyptus, Glanz und ein angenehmes Gef\u00fchl von Frische.<\/p>\n<p>Anwendung:<\/p>\n<p>Die Produkte von BASIC ESSENTIAL OIL pflegen Ihre Hunde und Welpen und schonen den Lipidfilm der Haut, ohne ihn zu reizen.<\/p>\n<p>Sie k\u00f6nnen als normaler Waschgang oder als Zusatz in den Shampoos und Masken der Expert Line Linie verwendet werden.<\/p>\n<p>Hei\u00dfes Wasser setzt das Parf\u00fcm frei und aktiviert die wohltuende Wirkung von \u00e4therischen \u00d6len, wodurch ein Gef\u00fchl von purem und authentischem Wohlbefinden entsteht (wie bei den alten Sch\u00f6nheitsritualen).<\/p>\n<p>Ein intensiver Duft von mit hei\u00dfem Wasser aktivierten \u00e4therischen \u00d6len ist nicht nur f\u00fcr das Tier, sondern auch f\u00fcr den Behandler, w\u00e4hrend der Behandlung in der Wanne, von Vorteil.<\/p>\n<p>Bitte achten sie darauf, dass das Wasch\u00f6l mit integrierten \u00e4therischen \u00d6len w\u00e4hrend der Behandlung nicht mit empfindliche Bereichen des Hundes (Augen, Schnauze) in Ber\u00fchrung kommen.<\/p>\n<p>F\u00fcr SPA Behandlungen kann es pur oder verd\u00fcnnt angewendet werden.<\/p>\n<p>Inhalt: 0,5l Flasche<\/p>\n<\/div>\n<\/div>\n","protected":false},"excerpt":{"rendered":"<p>PORTOFINO \u2013 Mischung aus Ligurien Portofino: ein belebendes Wasch\u00f6l, inspiriert von den D\u00fcften und Farben Liguriens, die die Stra\u00dfen der malerischen D\u00f6rfer wie im M\u00e4rchen verzaubern. Sehr gut geeignet f\u00fcr stumpfes Fell und dehydrierte Haut. Verleiht dem Haar, dank der [&hellip;]<\/p>\n","protected":false},"featured_media":194,"template":"","meta":[],"product_brand":[],"product_cat":[82,110],"product_tag":[],"class_list":{"0":"post-193","1":"product","2":"type-product","3":"status-publish","4":"has-post-thumbnail","6":"product_cat-special-one","7":"product_cat-basic-essential-oil","9":"first","10":"outofstock","11":"taxable","12":"shipping-taxable","13":"purchasable","14":"product-type-simple"},"_links":{"self":[{"href":"https:\/\/www.planetpoodle.de\/shop\/en\/wp-json\/wp\/v2\/product\/193","targetHints":{"allow":["GET"]}}],"collection":[{"href":"https:\/\/www.planetpoodle.de\/shop\/en\/wp-json\/wp\/v2\/product"}],"about":[{"href":"https:\/\/www.planetpoodle.de\/shop\/en\/wp-json\/wp\/v2\/types\/product"}],"wp:featuredmedia":[{"embeddable":true,"href":"https:\/\/www.planetpoodle.de\/shop\/en\/wp-json\/wp\/v2\/media\/194"}],"wp:attachment":[{"href":"https:\/\/www.planetpoodle.de\/shop\/en\/wp-json\/wp\/v2\/media?parent=193"}],"wp:term":[{"taxonomy":"product_brand","embeddable":true,"href":"https:\/\/www.planetpoodle.de\/shop\/en\/wp-json\/wp\/v2\/product_brand?post=193"},{"taxonomy":"product_cat","embeddable":true,"href":"https:\/\/www.planetpoodle.de\/shop\/en\/wp-json\/wp\/v2\/product_cat?post=193"},{"taxonomy":"product_tag","embeddable":true,"href":"https:\/\/www.planetpoodle.de\/shop\/en\/wp-json\/wp\/v2\/product_tag?post=193"}],"curies":[{"name":"wp","href":"https:\/\/api.w.org\/{rel}","templated":true}]}}