{"id":157,"date":"2022-11-12T23:12:50","date_gmt":"2022-11-12T22:12:50","guid":{"rendered":"https:\/\/www.planetpoodle.de\/shop\/?post_type=product&#038;p=157"},"modified":"2025-01-05T21:41:35","modified_gmt":"2025-01-05T20:41:35","slug":"aqua-line-einsteiger-set","status":"publish","type":"product","link":"https:\/\/www.planetpoodle.de\/shop\/en\/product\/aqua-line-einsteiger-set\/","title":{"rendered":"AQUA LINE EINSTEIGER-SET"},"content":{"rendered":"<div class=\"std\">\n<p>Wir machen es ihnen einfach. Probieren sie unsere Aqua-Line Produkte, und entscheiden sie sp\u00e4ter, ob sie dabei bleiben oder auf unsere professionelle Serie (Expert-Line) umsteigen. Mit diesem &#8220;Einsteiger-Set&#8221; erhalten Sie:<\/p>\n<p>&#8211; Shampoo: Aquarosa Pro (250ml), 1:20 zu verd\u00fcnnen<br \/>\n&#8211; Conditioner: Aqua Dolce (150ml), 1-2 EL auf 1 L. Wasser<\/p>\n<p>Ihr Vorteil: <strong>Statt 51,40\u20ac nur 46,45 \u20ac<\/strong>. Sie sparen 10%<\/p>\n<p>AQUA ROSA PRO ist ein revitalisierendes Shampoo f\u00fcr empfindliche und dehydrierte Haare und Haut. Aquarosa Pro ist ein revitalisierendes hochkonzentriertes Multivitamin-Shampoo f\u00fcr Tiere. Es wurde entwickelt, um empfindliche Haut sowie trockene und borstige Haare zu reinigen. Seine s\u00fc\u00dfe Formel, reich an Vitaminen und nat\u00fcrlichen Aminos\u00e4uren, macht das Fell sehr weich und gl\u00e4nzend. Es erlaubt h\u00e4ufigen Gebrauch, ohne das empfindliche Gleichgewicht der Haut und die Struktur des Fells zu besch\u00e4digen.<\/p>\n<p>Zusammensetzung:<\/p>\n<p>&#8211; Aquarosa Pro ist mit Extrakten aus Hagebutten- und Malvenbl\u00fcten angereichert, die f\u00fcr ihre entz\u00fcndungshemmenden und feuchtigkeitsspendenden Eigenschaften bekannt sind.<br \/>\n&#8211; Vitamin C und Flavonoide stimulieren die Kollagensynthese &#8211; ein wichtiges Hautprotein, das dem Alterungsprozess entgegenwirkt.<br \/>\n&#8211; Die Anwesenheit von Chlorella Vulgaris, einer Meeresalge, welche essentielle Aminos\u00e4uren in einer h\u00f6chst bioverf\u00fcgbaren Form sowie Vitamin B12 und Beta-Carotin enth\u00e4lt, die die Haut mit Feuchtigkeit versorgen, stellt die Neutralisierung von Umweltgiften und Schwermetallen sicher.<br \/>\n&#8211; Meerwasser, reich an Mineralien Kalium und Magnesium, wirkt zudem stark reinigend auf die Haut des Tieres.<\/p>\n<p>AQUA DOLCE ist eine weichmachende Pflegemaske\/Konditioner zur Anwendung bei krausem und gesch\u00e4digten Haarkleid. Es ist ein leichter und s\u00fc\u00dfer Konditioner, der die vernachl\u00e4ssigten Haare von Hunden und Katzen schnell n\u00e4hrt, entwirrt und pflegt. Speziell entwickelt, um das Haar nach dem hei\u00dfen Sommer oder nach intensivem B\u00fcrsten zu restrukturieren.<\/p>\n<p>Zusammensetzung:<\/p>\n<p>Aqua Dolce ist mit Seiden- und Milchproteinen angereichert, die den krausen und spr\u00f6den Effekt schnell aufheben, ohne das Haar zu beschweren. Nat\u00fcrliche Extrakte aus Cranberry, Aloe, Birke, Kamille, Ginseng und Wacholder, die mit sofortiger Wirkung das Fell gl\u00e4tten, erweichen und tonisieren.<\/p>\n<p>Das Konzept der \u201eSpecial One\u201c Aqua Line kombiniert Qualit\u00e4t und Wirksamkeit. Mit hochwertigen Produkten ist es in der Tat einfacher hervorragende Ergebnisse zu erzielen. Das \u201eDo-It-Yourself\u201c Grooming mit Aqua Line ist eine angenehme Art und Weise, sich von Verfilzungen, trockenem Haar und Geruch zu verabschieden. Die \u201eAqua Line\u201c Serie wurde entwickelt, um bei der h\u00e4uslichen W\u00e4sche professionelle Ergebnisse zu erzielen.<\/p>\n<p>Die Anwendungen, die wir empfehlen, sind vertrauensw\u00fcrdig. Es gibt keine Kontraindikationen bei h\u00e4ufigem Gebrauch, was durch die Erfahrung unseres Special One Teams best\u00e4tigt wird. Wie Sie wissen, ist Feuchtigkeitszufuhr f\u00fcr ein gesundes Haarwachstum unerl\u00e4sslich. Dies ist der Grund, warum unsere Produktformeln organische Derivate und nat\u00fcrliche pflanzliche Meeresrohstoffe enthalten, die das Haar mit Feuchtigkeit versorgen. Das macht die Produkte der \u201eAqua Line\u201c Serie ideal f\u00fcr den h\u00e4ufigen Gebrauch und ist genauso gut f\u00fcr Welpen geeignet.<\/p>\n<p>Die nat\u00fcrlichen Formeln sind ein weiterer Pluspunkt f\u00fcr die Umwelt: Die Aqua Line Produkte sind zu \u00fcber 94% biologisch abbaubar.<\/p>\n<\/div>\n","protected":false},"excerpt":{"rendered":"<p>Wir machen es ihnen einfach. Probieren sie unsere Aqua-Line Produkte, und entscheiden sie sp\u00e4ter, ob sie dabei bleiben oder auf unsere professionelle Serie (Expert-Line) umsteigen. Mit diesem &#8220;Einsteiger-Set&#8221; erhalten Sie: &#8211; Shampoo: Aquarosa Pro (250ml), 1:20 zu verd\u00fcnnen &#8211; Conditioner: [&hellip;]<\/p>\n","protected":false},"featured_media":3554,"template":"","meta":[],"product_brand":[],"product_cat":[82],"product_tag":[],"class_list":{"0":"post-157","1":"product","2":"type-product","3":"status-publish","4":"has-post-thumbnail","6":"product_cat-special-one","8":"first","9":"outofstock","10":"taxable","11":"shipping-taxable","12":"purchasable","13":"product-type-simple"},"_links":{"self":[{"href":"https:\/\/www.planetpoodle.de\/shop\/en\/wp-json\/wp\/v2\/product\/157","targetHints":{"allow":["GET"]}}],"collection":[{"href":"https:\/\/www.planetpoodle.de\/shop\/en\/wp-json\/wp\/v2\/product"}],"about":[{"href":"https:\/\/www.planetpoodle.de\/shop\/en\/wp-json\/wp\/v2\/types\/product"}],"wp:featuredmedia":[{"embeddable":true,"href":"https:\/\/www.planetpoodle.de\/shop\/en\/wp-json\/wp\/v2\/media\/3554"}],"wp:attachment":[{"href":"https:\/\/www.planetpoodle.de\/shop\/en\/wp-json\/wp\/v2\/media?parent=157"}],"wp:term":[{"taxonomy":"product_brand","embeddable":true,"href":"https:\/\/www.planetpoodle.de\/shop\/en\/wp-json\/wp\/v2\/product_brand?post=157"},{"taxonomy":"product_cat","embeddable":true,"href":"https:\/\/www.planetpoodle.de\/shop\/en\/wp-json\/wp\/v2\/product_cat?post=157"},{"taxonomy":"product_tag","embeddable":true,"href":"https:\/\/www.planetpoodle.de\/shop\/en\/wp-json\/wp\/v2\/product_tag?post=157"}],"curies":[{"name":"wp","href":"https:\/\/api.w.org\/{rel}","templated":true}]}}