{"id":142,"date":"2022-11-12T22:44:09","date_gmt":"2022-11-12T21:44:09","guid":{"rendered":"https:\/\/www.planetpoodle.de\/shop\/?post_type=product&#038;p=142"},"modified":"2026-04-23T19:56:15","modified_gmt":"2026-04-23T17:56:15","slug":"super-keeper","status":"publish","type":"product","link":"https:\/\/www.planetpoodle.de\/shop\/en\/product\/super-keeper\/","title":{"rendered":"SUPER KEEPER"},"content":{"rendered":"<p>SUPER KEEPER ist eine spezielle Mischung von \u00d6len und hochwertigen Komponenten, f\u00fcr eine optimale Pflege der Hundehaare, insbesondere langer Haare.<\/p>\n<p>Die spezielle \u00f6lhaltige Zusammensetzung umh\u00fcllt sanft das Haar, spendet Feuchtigkeit und sch\u00fctzt vor sch\u00e4dlichen Umwelteinfl\u00fcssen und mechanischen Sch\u00e4digungen, repariert strapaziertes Haar und erh\u00f6ht Glanz und Elastizit\u00e4t schon nach der ersten Anwendung. Super Keeper ist empfehlenswert f\u00fcr alle Fellarten. Seine spezielle Formel entwirrt verfilzte Stellen und verhindert das Entstehen neuer Haarverfilzungen.<\/p>\n<p>Die SUPER KEEPER Rezeptur umfasst Glycerin, Laktose, Fruktose \u2013 langsam verdunstende Feuchtigkeitsspender, die f\u00fcr eine optimale, langanhaltende Pflege und Schutz sorgen. Collagen, Honig und Hyalurons\u00e4ure (in kleinen Mengen) stellen die Struktur des Haares wieder her und f\u00f6rdern das Haarwachstum.<\/p>\n<p>Besonders empfehlenswert f\u00fcr die Pflege von langen Haaren an den Ohren, am Top-Knot, die Pflege von Bart und Schnurrbart sowie einzelner \u201eSchmuckhaare\u201c bei einzelnen Rassen. Auch als ein Mittel zur Haarlack-Entfernung nach dem Show-Ring geeignet.<\/p>\n<p>SUPER KEEPER wurde von den Special One Technikern f\u00fcr Show-Hunde getestet und beste Ergebnisse sind garantiert, wenn es in der Anwendung der Special One Serie verwendet wird.<\/p>\n<p>Anwendungstipps:<br \/>\nVor Gebrauch die Flasche in einem Beh\u00e4lter mit warmem Wasser erw\u00e4rmen. Mit Hilfe einer Spr\u00fchflasche auf das Haar auftragen, vorsichtig durchk\u00e4mmen. SUPER KEEPER kann auch w\u00e4hrend der ersten Anwendung als \u201eMaske\u201c zusammen mit BIO ENERGY benutzt werden (1ELSuper Keeper, 100ml Bio Energy, 900ml Wasser).<\/p>\n<p>Zutaten: Collagen, Fruktose, Laktose, Glycerin, Honig, Hyalurons\u00e4ure.<\/p>\n","protected":false},"excerpt":{"rendered":"<p>SUPER KEEPER ist eine spezielle Mischung von \u00d6len und hochwertigen Komponenten, f\u00fcr eine optimale Pflege der Hundehaare, insbesondere langer Haare. Die spezielle \u00f6lhaltige Zusammensetzung umh\u00fcllt sanft das Haar, spendet Feuchtigkeit und sch\u00fctzt vor sch\u00e4dlichen Umwelteinfl\u00fcssen und mechanischen Sch\u00e4digungen, repariert strapaziertes [&hellip;]<\/p>\n","protected":false},"featured_media":3566,"template":"","meta":[],"product_brand":[],"product_cat":[82,280],"product_tag":[],"class_list":{"0":"post-142","1":"product","2":"type-product","3":"status-publish","4":"has-post-thumbnail","6":"product_cat-special-one","7":"product_cat-badezusaetze","9":"first","10":"instock","11":"taxable","12":"shipping-taxable","13":"purchasable","14":"product-type-variable"},"_links":{"self":[{"href":"https:\/\/www.planetpoodle.de\/shop\/en\/wp-json\/wp\/v2\/product\/142","targetHints":{"allow":["GET"]}}],"collection":[{"href":"https:\/\/www.planetpoodle.de\/shop\/en\/wp-json\/wp\/v2\/product"}],"about":[{"href":"https:\/\/www.planetpoodle.de\/shop\/en\/wp-json\/wp\/v2\/types\/product"}],"wp:featuredmedia":[{"embeddable":true,"href":"https:\/\/www.planetpoodle.de\/shop\/en\/wp-json\/wp\/v2\/media\/3566"}],"wp:attachment":[{"href":"https:\/\/www.planetpoodle.de\/shop\/en\/wp-json\/wp\/v2\/media?parent=142"}],"wp:term":[{"taxonomy":"product_brand","embeddable":true,"href":"https:\/\/www.planetpoodle.de\/shop\/en\/wp-json\/wp\/v2\/product_brand?post=142"},{"taxonomy":"product_cat","embeddable":true,"href":"https:\/\/www.planetpoodle.de\/shop\/en\/wp-json\/wp\/v2\/product_cat?post=142"},{"taxonomy":"product_tag","embeddable":true,"href":"https:\/\/www.planetpoodle.de\/shop\/en\/wp-json\/wp\/v2\/product_tag?post=142"}],"curies":[{"name":"wp","href":"https:\/\/api.w.org\/{rel}","templated":true}]}}